{"id":34718,"date":"2025-11-23T18:04:05","date_gmt":"2025-11-23T18:04:05","guid":{"rendered":"https:\/\/virginias.es\/?post_type=product&#038;p=34718"},"modified":"2025-11-23T18:04:57","modified_gmt":"2025-11-23T18:04:57","slug":"turron-de-yema-el-taller-de-virginias","status":"publish","type":"product","link":"https:\/\/virginias.es\/ca\/producto\/turron-de-yema-el-taller-de-virginias\/","title":{"rendered":"Torr\u00f3 de Rovell El Taller de Virginias"},"content":{"rendered":"<p>Elaborat amb rovell d\u2019ou, ametlles Borges i la nostra recepta m\u00e9s qualitativa, pensada per oferir una experi\u00e8ncia m\u00e9s intensa. Una recepta cl\u00e0ssica que reflecteix l\u2019autenticitat i el bon saber fer d\u2019El Taller de Virginias, elaborada amb ingredients de qualitat.<\/p>\n","protected":false},"excerpt":{"rendered":"<p>Elaborat amb rovell d\u2019ou, ametlles Borges i la nostra recepta m\u00e9s qualitativa, pensada per oferir una experi\u00e8ncia m\u00e9s intensa. Una recepta cl\u00e0ssica que reflecteix l\u2019autenticitat i el bon saber fer d\u2019El Taller de Virginias, elaborada amb ingredients de qualitat.<\/p>\n","protected":false},"featured_media":34719,"comment_status":"open","ping_status":"closed","template":"","meta":[],"product_brand":[],"product_cat":[600],"product_tag":[],"class_list":{"0":"post-34718","1":"product","2":"type-product","3":"status-publish","4":"has-post-thumbnail","6":"product_cat-el-taller","8":"first","9":"instock","10":"taxable","11":"shipping-taxable","12":"product-type-simple"},"yoast_head":"<!-- This site is optimized with the Yoast SEO plugin v27.3 - https:\/\/yoast.com\/product\/yoast-seo-wordpress\/ -->\n<title>Torr\u00f3 de Rovell El Taller de Virginias | Virginias<\/title>\n<meta name=\"robots\" content=\"index, follow, max-snippet:-1, max-image-preview:large, max-video-preview:-1\" \/>\n<link rel=\"canonical\" href=\"https:\/\/virginias.es\/ca\/producto\/turron-de-yema-el-taller-de-virginias\/\" \/>\n<meta property=\"og:locale\" content=\"ca_ES\" \/>\n<meta property=\"og:type\" content=\"article\" \/>\n<meta property=\"og:title\" content=\"Torr\u00f3 de Rovell El Taller de Virginias | Virginias\" \/>\n<meta property=\"og:description\" content=\"Elaborat amb rovell d\u2019ou, ametlles Borges i la nostra recepta m\u00e9s qualitativa, pensada per oferir una experi\u00e8ncia m\u00e9s intensa. Una recepta cl\u00e0ssica que reflecteix l\u2019autenticitat i el bon saber fer d\u2019El Taller de Virginias, elaborada amb ingredients de qualitat.\" \/>\n<meta property=\"og:url\" content=\"https:\/\/virginias.es\/ca\/producto\/turron-de-yema-el-taller-de-virginias\/\" \/>\n<meta property=\"og:site_name\" content=\"Virginias\" \/>\n<meta property=\"article:publisher\" content=\"https:\/\/www.facebook.com\/Virginias.es\/\" \/>\n<meta property=\"article:modified_time\" content=\"2025-11-23T18:04:57+00:00\" \/>\n<meta property=\"og:image\" content=\"https:\/\/virginias.es\/wp-content\/uploads\/2025\/11\/3D_TRY_AM_TALLER_VIRGINIAS_BG_ESP-CAT-ENG-FRA-200GR_1.png\" \/>\n\t<meta property=\"og:image:width\" content=\"1000\" \/>\n\t<meta property=\"og:image:height\" content=\"1000\" \/>\n\t<meta property=\"og:image:type\" content=\"image\/png\" \/>\n<meta name=\"twitter:card\" content=\"summary_large_image\" \/>\n<meta name=\"twitter:site\" content=\"@Es_Virginias\" \/>\n<meta name=\"twitter:label1\" content=\"Temps estimat de lectura\" \/>\n\t<meta name=\"twitter:data1\" content=\"1 minut\" \/>\n<script type=\"application\/ld+json\" class=\"yoast-schema-graph\">{\"@context\":\"https:\\\/\\\/schema.org\",\"@graph\":[{\"@type\":\"WebPage\",\"@id\":\"https:\\\/\\\/virginias.es\\\/ca\\\/producto\\\/turron-de-yema-el-taller-de-virginias\\\/\",\"url\":\"https:\\\/\\\/virginias.es\\\/ca\\\/producto\\\/turron-de-yema-el-taller-de-virginias\\\/\",\"name\":\"Torr\u00f3 de Rovell El Taller de Virginias | Virginias\",\"isPartOf\":{\"@id\":\"https:\\\/\\\/virginias.es\\\/ca\\\/#website\"},\"primaryImageOfPage\":{\"@id\":\"https:\\\/\\\/virginias.es\\\/ca\\\/producto\\\/turron-de-yema-el-taller-de-virginias\\\/#primaryimage\"},\"image\":{\"@id\":\"https:\\\/\\\/virginias.es\\\/ca\\\/producto\\\/turron-de-yema-el-taller-de-virginias\\\/#primaryimage\"},\"thumbnailUrl\":\"https:\\\/\\\/virginias.es\\\/wp-content\\\/uploads\\\/2025\\\/11\\\/3D_TRY_AM_TALLER_VIRGINIAS_BG_ESP-CAT-ENG-FRA-200GR_1.png\",\"datePublished\":\"2025-11-23T18:04:05+00:00\",\"dateModified\":\"2025-11-23T18:04:57+00:00\",\"breadcrumb\":{\"@id\":\"https:\\\/\\\/virginias.es\\\/ca\\\/producto\\\/turron-de-yema-el-taller-de-virginias\\\/#breadcrumb\"},\"inLanguage\":\"ca\",\"potentialAction\":[{\"@type\":\"ReadAction\",\"target\":[\"https:\\\/\\\/virginias.es\\\/ca\\\/producto\\\/turron-de-yema-el-taller-de-virginias\\\/\"]}]},{\"@type\":\"ImageObject\",\"inLanguage\":\"ca\",\"@id\":\"https:\\\/\\\/virginias.es\\\/ca\\\/producto\\\/turron-de-yema-el-taller-de-virginias\\\/#primaryimage\",\"url\":\"https:\\\/\\\/virginias.es\\\/wp-content\\\/uploads\\\/2025\\\/11\\\/3D_TRY_AM_TALLER_VIRGINIAS_BG_ESP-CAT-ENG-FRA-200GR_1.png\",\"contentUrl\":\"https:\\\/\\\/virginias.es\\\/wp-content\\\/uploads\\\/2025\\\/11\\\/3D_TRY_AM_TALLER_VIRGINIAS_BG_ESP-CAT-ENG-FRA-200GR_1.png\",\"width\":1000,\"height\":1000},{\"@type\":\"BreadcrumbList\",\"@id\":\"https:\\\/\\\/virginias.es\\\/ca\\\/producto\\\/turron-de-yema-el-taller-de-virginias\\\/#breadcrumb\",\"itemListElement\":[{\"@type\":\"ListItem\",\"position\":1,\"name\":\"Portada\",\"item\":\"https:\\\/\\\/virginias.es\\\/ca\\\/torrons-i-xocolates-virginias\\\/\"},{\"@type\":\"ListItem\",\"position\":2,\"name\":\"Tienda\",\"item\":\"https:\\\/\\\/virginias.es\\\/?page_id=6\"},{\"@type\":\"ListItem\",\"position\":3,\"name\":\"Torr\u00f3 de Rovell El Taller de Virginias\"}]},{\"@type\":\"WebSite\",\"@id\":\"https:\\\/\\\/virginias.es\\\/ca\\\/#website\",\"url\":\"https:\\\/\\\/virginias.es\\\/ca\\\/\",\"name\":\"Virginias\",\"description\":\"Turrones, galletas y chocolates desde 1932\",\"publisher\":{\"@id\":\"https:\\\/\\\/virginias.es\\\/ca\\\/#organization\"},\"potentialAction\":[{\"@type\":\"SearchAction\",\"target\":{\"@type\":\"EntryPoint\",\"urlTemplate\":\"https:\\\/\\\/virginias.es\\\/ca\\\/?s={search_term_string}\"},\"query-input\":{\"@type\":\"PropertyValueSpecification\",\"valueRequired\":true,\"valueName\":\"search_term_string\"}}],\"inLanguage\":\"ca\"},{\"@type\":\"Organization\",\"@id\":\"https:\\\/\\\/virginias.es\\\/ca\\\/#organization\",\"name\":\"Turrones Virginias\",\"url\":\"https:\\\/\\\/virginias.es\\\/ca\\\/\",\"logo\":{\"@type\":\"ImageObject\",\"inLanguage\":\"ca\",\"@id\":\"https:\\\/\\\/virginias.es\\\/ca\\\/#\\\/schema\\\/logo\\\/image\\\/\",\"url\":\"https:\\\/\\\/virginias.es\\\/wp-content\\\/uploads\\\/2019\\\/11\\\/logo-virginias-3_01.png\",\"contentUrl\":\"https:\\\/\\\/virginias.es\\\/wp-content\\\/uploads\\\/2019\\\/11\\\/logo-virginias-3_01.png\",\"width\":1350,\"height\":344,\"caption\":\"Turrones Virginias\"},\"image\":{\"@id\":\"https:\\\/\\\/virginias.es\\\/ca\\\/#\\\/schema\\\/logo\\\/image\\\/\"},\"sameAs\":[\"https:\\\/\\\/www.facebook.com\\\/Virginias.es\\\/\",\"https:\\\/\\\/x.com\\\/Es_Virginias\",\"https:\\\/\\\/www.instagram.com\\\/virginias.es\\\/\"]}]}<\/script>\n<!-- \/ Yoast SEO plugin. -->","yoast_head_json":{"title":"Torr\u00f3 de Rovell El Taller de Virginias | Virginias","robots":{"index":"index","follow":"follow","max-snippet":"max-snippet:-1","max-image-preview":"max-image-preview:large","max-video-preview":"max-video-preview:-1"},"canonical":"https:\/\/virginias.es\/ca\/producto\/turron-de-yema-el-taller-de-virginias\/","og_locale":"ca_ES","og_type":"article","og_title":"Torr\u00f3 de Rovell El Taller de Virginias | Virginias","og_description":"Elaborat amb rovell d\u2019ou, ametlles Borges i la nostra recepta m\u00e9s qualitativa, pensada per oferir una experi\u00e8ncia m\u00e9s intensa. Una recepta cl\u00e0ssica que reflecteix l\u2019autenticitat i el bon saber fer d\u2019El Taller de Virginias, elaborada amb ingredients de qualitat.","og_url":"https:\/\/virginias.es\/ca\/producto\/turron-de-yema-el-taller-de-virginias\/","og_site_name":"Virginias","article_publisher":"https:\/\/www.facebook.com\/Virginias.es\/","article_modified_time":"2025-11-23T18:04:57+00:00","og_image":[{"width":1000,"height":1000,"url":"https:\/\/virginias.es\/wp-content\/uploads\/2025\/11\/3D_TRY_AM_TALLER_VIRGINIAS_BG_ESP-CAT-ENG-FRA-200GR_1.png","type":"image\/png"}],"twitter_card":"summary_large_image","twitter_site":"@Es_Virginias","twitter_misc":{"Temps estimat de lectura":"1 minut"},"schema":{"@context":"https:\/\/schema.org","@graph":[{"@type":"WebPage","@id":"https:\/\/virginias.es\/ca\/producto\/turron-de-yema-el-taller-de-virginias\/","url":"https:\/\/virginias.es\/ca\/producto\/turron-de-yema-el-taller-de-virginias\/","name":"Torr\u00f3 de Rovell El Taller de Virginias | Virginias","isPartOf":{"@id":"https:\/\/virginias.es\/ca\/#website"},"primaryImageOfPage":{"@id":"https:\/\/virginias.es\/ca\/producto\/turron-de-yema-el-taller-de-virginias\/#primaryimage"},"image":{"@id":"https:\/\/virginias.es\/ca\/producto\/turron-de-yema-el-taller-de-virginias\/#primaryimage"},"thumbnailUrl":"https:\/\/virginias.es\/wp-content\/uploads\/2025\/11\/3D_TRY_AM_TALLER_VIRGINIAS_BG_ESP-CAT-ENG-FRA-200GR_1.png","datePublished":"2025-11-23T18:04:05+00:00","dateModified":"2025-11-23T18:04:57+00:00","breadcrumb":{"@id":"https:\/\/virginias.es\/ca\/producto\/turron-de-yema-el-taller-de-virginias\/#breadcrumb"},"inLanguage":"ca","potentialAction":[{"@type":"ReadAction","target":["https:\/\/virginias.es\/ca\/producto\/turron-de-yema-el-taller-de-virginias\/"]}]},{"@type":"ImageObject","inLanguage":"ca","@id":"https:\/\/virginias.es\/ca\/producto\/turron-de-yema-el-taller-de-virginias\/#primaryimage","url":"https:\/\/virginias.es\/wp-content\/uploads\/2025\/11\/3D_TRY_AM_TALLER_VIRGINIAS_BG_ESP-CAT-ENG-FRA-200GR_1.png","contentUrl":"https:\/\/virginias.es\/wp-content\/uploads\/2025\/11\/3D_TRY_AM_TALLER_VIRGINIAS_BG_ESP-CAT-ENG-FRA-200GR_1.png","width":1000,"height":1000},{"@type":"BreadcrumbList","@id":"https:\/\/virginias.es\/ca\/producto\/turron-de-yema-el-taller-de-virginias\/#breadcrumb","itemListElement":[{"@type":"ListItem","position":1,"name":"Portada","item":"https:\/\/virginias.es\/ca\/torrons-i-xocolates-virginias\/"},{"@type":"ListItem","position":2,"name":"Tienda","item":"https:\/\/virginias.es\/?page_id=6"},{"@type":"ListItem","position":3,"name":"Torr\u00f3 de Rovell El Taller de Virginias"}]},{"@type":"WebSite","@id":"https:\/\/virginias.es\/ca\/#website","url":"https:\/\/virginias.es\/ca\/","name":"Virginias","description":"Turrones, galletas y chocolates desde 1932","publisher":{"@id":"https:\/\/virginias.es\/ca\/#organization"},"potentialAction":[{"@type":"SearchAction","target":{"@type":"EntryPoint","urlTemplate":"https:\/\/virginias.es\/ca\/?s={search_term_string}"},"query-input":{"@type":"PropertyValueSpecification","valueRequired":true,"valueName":"search_term_string"}}],"inLanguage":"ca"},{"@type":"Organization","@id":"https:\/\/virginias.es\/ca\/#organization","name":"Turrones Virginias","url":"https:\/\/virginias.es\/ca\/","logo":{"@type":"ImageObject","inLanguage":"ca","@id":"https:\/\/virginias.es\/ca\/#\/schema\/logo\/image\/","url":"https:\/\/virginias.es\/wp-content\/uploads\/2019\/11\/logo-virginias-3_01.png","contentUrl":"https:\/\/virginias.es\/wp-content\/uploads\/2019\/11\/logo-virginias-3_01.png","width":1350,"height":344,"caption":"Turrones Virginias"},"image":{"@id":"https:\/\/virginias.es\/ca\/#\/schema\/logo\/image\/"},"sameAs":["https:\/\/www.facebook.com\/Virginias.es\/","https:\/\/x.com\/Es_Virginias","https:\/\/www.instagram.com\/virginias.es\/"]}]}},"_links":{"self":[{"href":"https:\/\/virginias.es\/ca\/wp-json\/wp\/v2\/product\/34718","targetHints":{"allow":["GET"]}}],"collection":[{"href":"https:\/\/virginias.es\/ca\/wp-json\/wp\/v2\/product"}],"about":[{"href":"https:\/\/virginias.es\/ca\/wp-json\/wp\/v2\/types\/product"}],"replies":[{"embeddable":true,"href":"https:\/\/virginias.es\/ca\/wp-json\/wp\/v2\/comments?post=34718"}],"version-history":[{"count":2,"href":"https:\/\/virginias.es\/ca\/wp-json\/wp\/v2\/product\/34718\/revisions"}],"predecessor-version":[{"id":34725,"href":"https:\/\/virginias.es\/ca\/wp-json\/wp\/v2\/product\/34718\/revisions\/34725"}],"wp:featuredmedia":[{"embeddable":true,"href":"https:\/\/virginias.es\/ca\/wp-json\/wp\/v2\/media\/34719"}],"wp:attachment":[{"href":"https:\/\/virginias.es\/ca\/wp-json\/wp\/v2\/media?parent=34718"}],"wp:term":[{"taxonomy":"product_brand","embeddable":true,"href":"https:\/\/virginias.es\/ca\/wp-json\/wp\/v2\/product_brand?post=34718"},{"taxonomy":"product_cat","embeddable":true,"href":"https:\/\/virginias.es\/ca\/wp-json\/wp\/v2\/product_cat?post=34718"},{"taxonomy":"product_tag","embeddable":true,"href":"https:\/\/virginias.es\/ca\/wp-json\/wp\/v2\/product_tag?post=34718"}],"curies":[{"name":"wp","href":"https:\/\/api.w.org\/{rel}","templated":true}]}}