{"id":34709,"date":"2025-11-23T18:00:15","date_gmt":"2025-11-23T18:00:15","guid":{"rendered":"https:\/\/virginias.es\/?post_type=product&#038;p=34709"},"modified":"2025-11-23T18:00:15","modified_gmt":"2025-11-23T18:00:15","slug":"torro-tou-el-taller-de-virginias","status":"publish","type":"product","link":"https:\/\/virginias.es\/ca\/producto\/torro-tou-el-taller-de-virginias\/","title":{"rendered":"Torr\u00f3 Tou El Taller de Virginias"},"content":{"rendered":"<article class=\"text-token-text-primary w-full focus:outline-none [--shadow-height:45px] has-data-writing-block:pointer-events-none has-data-writing-block:-mt-(--shadow-height) has-data-writing-block:pt-(--shadow-height) [&amp;:has([data-writing-block])&gt;*]:pointer-events-auto [content-visibility:auto] supports-[content-visibility:auto]:[contain-intrinsic-size:auto_100lvh] scroll-mt-[calc(var(--header-height)+min(200px,max(70px,20svh)))]\" dir=\"auto\" tabindex=\"-1\" data-turn-id=\"request-69204f4b-6134-832b-88d4-c60dd4f1d65c-11\" data-testid=\"conversation-turn-48\" data-scroll-anchor=\"true\" data-turn=\"assistant\">\n<div class=\"text-base my-auto mx-auto pb-10 [--thread-content-margin:--spacing(4)] thread-sm:[--thread-content-margin:--spacing(6)] thread-lg:[--thread-content-margin:--spacing(16)] px-(--thread-content-margin)\">\n<div class=\"[--thread-content-max-width:40rem] thread-lg:[--thread-content-max-width:48rem] mx-auto max-w-(--thread-content-max-width) flex-1 group\/turn-messages focus-visible:outline-hidden relative flex w-full min-w-0 flex-col agent-turn\" tabindex=\"-1\">\n<div class=\"flex max-w-full flex-col grow\">\n<div class=\"min-h-8 text-message relative flex w-full flex-col items-end gap-2 text-start break-words whitespace-normal [.text-message+&amp;]:mt-1\" dir=\"auto\" data-message-author-role=\"assistant\" data-message-id=\"75935c6b-0988-4cde-9054-85b1dc1aa208\" data-message-model-slug=\"gpt-5-1\">\n<div class=\"flex w-full flex-col gap-1 empty:hidden first:pt-[1px]\">\n<div class=\"markdown prose dark:prose-invert w-full break-words dark markdown-new-styling\">\n<p data-start=\"0\" data-end=\"302\" data-is-last-node=\"\" data-is-only-node=\"\">Amb un 69% d\u2019ametlles Borges seleccionades, aquesta versi\u00f3 del cl\u00e0ssic torr\u00f3 tou ofereix m\u00e9s sabor i una experi\u00e8ncia m\u00e9s intensa. Una recepta tradicional que reflecteix l\u2019autenticitat i el bon saber fer d\u2019El Taller de Virginias, elaborada amb ingredients de qualitat.<\/p>\n<\/div>\n<\/div>\n<\/div>\n<\/div>\n<\/div>\n<\/div>\n<\/article>\n","protected":false},"excerpt":{"rendered":"<p>Amb un 69% d\u2019ametlles Borges seleccionades, aquesta versi\u00f3 del cl\u00e0ssic torr\u00f3 tou ofereix m\u00e9s sabor i una experi\u00e8ncia m\u00e9s intensa. Una recepta tradicional que reflecteix l\u2019autenticitat i el bon saber fer d\u2019El Taller de Virginias, elaborada amb ingredients de qualitat.<\/p>\n","protected":false},"featured_media":34705,"comment_status":"open","ping_status":"closed","template":"","meta":[],"product_brand":[],"product_cat":[600],"product_tag":[],"class_list":{"0":"post-34709","1":"product","2":"type-product","3":"status-publish","4":"has-post-thumbnail","6":"product_cat-el-taller","8":"first","9":"instock","10":"taxable","11":"shipping-taxable","12":"product-type-simple"},"yoast_head":"<!-- This site is optimized with the Yoast SEO plugin v27.3 - https:\/\/yoast.com\/product\/yoast-seo-wordpress\/ -->\n<title>Torr\u00f3 Tou El Taller de Virginias | Virginias<\/title>\n<meta name=\"robots\" content=\"index, follow, max-snippet:-1, max-image-preview:large, max-video-preview:-1\" \/>\n<link rel=\"canonical\" href=\"https:\/\/virginias.es\/ca\/producto\/torro-tou-el-taller-de-virginias\/\" \/>\n<meta property=\"og:locale\" content=\"ca_ES\" \/>\n<meta property=\"og:type\" content=\"article\" \/>\n<meta property=\"og:title\" content=\"Torr\u00f3 Tou El Taller de Virginias | Virginias\" \/>\n<meta property=\"og:description\" content=\"Amb un 69% d\u2019ametlles Borges seleccionades, aquesta versi\u00f3 del cl\u00e0ssic torr\u00f3 tou ofereix m\u00e9s sabor i una experi\u00e8ncia m\u00e9s intensa. Una recepta tradicional que reflecteix l\u2019autenticitat i el bon saber fer d\u2019El Taller de Virginias, elaborada amb ingredients de qualitat.\" \/>\n<meta property=\"og:url\" content=\"https:\/\/virginias.es\/ca\/producto\/torro-tou-el-taller-de-virginias\/\" \/>\n<meta property=\"og:site_name\" content=\"Virginias\" \/>\n<meta property=\"article:publisher\" content=\"https:\/\/www.facebook.com\/Virginias.es\/\" \/>\n<meta property=\"og:image\" content=\"https:\/\/virginias.es\/wp-content\/uploads\/2025\/11\/3D_TRB_AM_TALLER_VIRGINIAS_BG_ESP-CAT-ENG-FRA-200GR_1.png\" \/>\n\t<meta property=\"og:image:width\" content=\"1000\" \/>\n\t<meta property=\"og:image:height\" content=\"1000\" \/>\n\t<meta property=\"og:image:type\" content=\"image\/png\" \/>\n<meta name=\"twitter:card\" content=\"summary_large_image\" \/>\n<meta name=\"twitter:site\" content=\"@Es_Virginias\" \/>\n<meta name=\"twitter:label1\" content=\"Temps estimat de lectura\" \/>\n\t<meta name=\"twitter:data1\" content=\"1 minut\" \/>\n<script type=\"application\/ld+json\" class=\"yoast-schema-graph\">{\"@context\":\"https:\\\/\\\/schema.org\",\"@graph\":[{\"@type\":\"WebPage\",\"@id\":\"https:\\\/\\\/virginias.es\\\/ca\\\/producto\\\/torro-tou-el-taller-de-virginias\\\/\",\"url\":\"https:\\\/\\\/virginias.es\\\/ca\\\/producto\\\/torro-tou-el-taller-de-virginias\\\/\",\"name\":\"Torr\u00f3 Tou El Taller de Virginias | Virginias\",\"isPartOf\":{\"@id\":\"https:\\\/\\\/virginias.es\\\/ca\\\/#website\"},\"primaryImageOfPage\":{\"@id\":\"https:\\\/\\\/virginias.es\\\/ca\\\/producto\\\/torro-tou-el-taller-de-virginias\\\/#primaryimage\"},\"image\":{\"@id\":\"https:\\\/\\\/virginias.es\\\/ca\\\/producto\\\/torro-tou-el-taller-de-virginias\\\/#primaryimage\"},\"thumbnailUrl\":\"https:\\\/\\\/virginias.es\\\/wp-content\\\/uploads\\\/2025\\\/11\\\/3D_TRB_AM_TALLER_VIRGINIAS_BG_ESP-CAT-ENG-FRA-200GR_1.png\",\"datePublished\":\"2025-11-23T18:00:15+00:00\",\"breadcrumb\":{\"@id\":\"https:\\\/\\\/virginias.es\\\/ca\\\/producto\\\/torro-tou-el-taller-de-virginias\\\/#breadcrumb\"},\"inLanguage\":\"ca\",\"potentialAction\":[{\"@type\":\"ReadAction\",\"target\":[\"https:\\\/\\\/virginias.es\\\/ca\\\/producto\\\/torro-tou-el-taller-de-virginias\\\/\"]}]},{\"@type\":\"ImageObject\",\"inLanguage\":\"ca\",\"@id\":\"https:\\\/\\\/virginias.es\\\/ca\\\/producto\\\/torro-tou-el-taller-de-virginias\\\/#primaryimage\",\"url\":\"https:\\\/\\\/virginias.es\\\/wp-content\\\/uploads\\\/2025\\\/11\\\/3D_TRB_AM_TALLER_VIRGINIAS_BG_ESP-CAT-ENG-FRA-200GR_1.png\",\"contentUrl\":\"https:\\\/\\\/virginias.es\\\/wp-content\\\/uploads\\\/2025\\\/11\\\/3D_TRB_AM_TALLER_VIRGINIAS_BG_ESP-CAT-ENG-FRA-200GR_1.png\",\"width\":1000,\"height\":1000},{\"@type\":\"BreadcrumbList\",\"@id\":\"https:\\\/\\\/virginias.es\\\/ca\\\/producto\\\/torro-tou-el-taller-de-virginias\\\/#breadcrumb\",\"itemListElement\":[{\"@type\":\"ListItem\",\"position\":1,\"name\":\"Portada\",\"item\":\"https:\\\/\\\/virginias.es\\\/ca\\\/torrons-i-xocolates-virginias\\\/\"},{\"@type\":\"ListItem\",\"position\":2,\"name\":\"Tienda\",\"item\":\"https:\\\/\\\/virginias.es\\\/?page_id=6\"},{\"@type\":\"ListItem\",\"position\":3,\"name\":\"Torr\u00f3 Tou El Taller de Virginias\"}]},{\"@type\":\"WebSite\",\"@id\":\"https:\\\/\\\/virginias.es\\\/ca\\\/#website\",\"url\":\"https:\\\/\\\/virginias.es\\\/ca\\\/\",\"name\":\"Virginias\",\"description\":\"Turrones, galletas y chocolates desde 1932\",\"publisher\":{\"@id\":\"https:\\\/\\\/virginias.es\\\/ca\\\/#organization\"},\"potentialAction\":[{\"@type\":\"SearchAction\",\"target\":{\"@type\":\"EntryPoint\",\"urlTemplate\":\"https:\\\/\\\/virginias.es\\\/ca\\\/?s={search_term_string}\"},\"query-input\":{\"@type\":\"PropertyValueSpecification\",\"valueRequired\":true,\"valueName\":\"search_term_string\"}}],\"inLanguage\":\"ca\"},{\"@type\":\"Organization\",\"@id\":\"https:\\\/\\\/virginias.es\\\/ca\\\/#organization\",\"name\":\"Turrones Virginias\",\"url\":\"https:\\\/\\\/virginias.es\\\/ca\\\/\",\"logo\":{\"@type\":\"ImageObject\",\"inLanguage\":\"ca\",\"@id\":\"https:\\\/\\\/virginias.es\\\/ca\\\/#\\\/schema\\\/logo\\\/image\\\/\",\"url\":\"https:\\\/\\\/virginias.es\\\/wp-content\\\/uploads\\\/2019\\\/11\\\/logo-virginias-3_01.png\",\"contentUrl\":\"https:\\\/\\\/virginias.es\\\/wp-content\\\/uploads\\\/2019\\\/11\\\/logo-virginias-3_01.png\",\"width\":1350,\"height\":344,\"caption\":\"Turrones Virginias\"},\"image\":{\"@id\":\"https:\\\/\\\/virginias.es\\\/ca\\\/#\\\/schema\\\/logo\\\/image\\\/\"},\"sameAs\":[\"https:\\\/\\\/www.facebook.com\\\/Virginias.es\\\/\",\"https:\\\/\\\/x.com\\\/Es_Virginias\",\"https:\\\/\\\/www.instagram.com\\\/virginias.es\\\/\"]}]}<\/script>\n<!-- \/ Yoast SEO plugin. -->","yoast_head_json":{"title":"Torr\u00f3 Tou El Taller de Virginias | Virginias","robots":{"index":"index","follow":"follow","max-snippet":"max-snippet:-1","max-image-preview":"max-image-preview:large","max-video-preview":"max-video-preview:-1"},"canonical":"https:\/\/virginias.es\/ca\/producto\/torro-tou-el-taller-de-virginias\/","og_locale":"ca_ES","og_type":"article","og_title":"Torr\u00f3 Tou El Taller de Virginias | Virginias","og_description":"Amb un 69% d\u2019ametlles Borges seleccionades, aquesta versi\u00f3 del cl\u00e0ssic torr\u00f3 tou ofereix m\u00e9s sabor i una experi\u00e8ncia m\u00e9s intensa. Una recepta tradicional que reflecteix l\u2019autenticitat i el bon saber fer d\u2019El Taller de Virginias, elaborada amb ingredients de qualitat.","og_url":"https:\/\/virginias.es\/ca\/producto\/torro-tou-el-taller-de-virginias\/","og_site_name":"Virginias","article_publisher":"https:\/\/www.facebook.com\/Virginias.es\/","og_image":[{"width":1000,"height":1000,"url":"https:\/\/virginias.es\/wp-content\/uploads\/2025\/11\/3D_TRB_AM_TALLER_VIRGINIAS_BG_ESP-CAT-ENG-FRA-200GR_1.png","type":"image\/png"}],"twitter_card":"summary_large_image","twitter_site":"@Es_Virginias","twitter_misc":{"Temps estimat de lectura":"1 minut"},"schema":{"@context":"https:\/\/schema.org","@graph":[{"@type":"WebPage","@id":"https:\/\/virginias.es\/ca\/producto\/torro-tou-el-taller-de-virginias\/","url":"https:\/\/virginias.es\/ca\/producto\/torro-tou-el-taller-de-virginias\/","name":"Torr\u00f3 Tou El Taller de Virginias | Virginias","isPartOf":{"@id":"https:\/\/virginias.es\/ca\/#website"},"primaryImageOfPage":{"@id":"https:\/\/virginias.es\/ca\/producto\/torro-tou-el-taller-de-virginias\/#primaryimage"},"image":{"@id":"https:\/\/virginias.es\/ca\/producto\/torro-tou-el-taller-de-virginias\/#primaryimage"},"thumbnailUrl":"https:\/\/virginias.es\/wp-content\/uploads\/2025\/11\/3D_TRB_AM_TALLER_VIRGINIAS_BG_ESP-CAT-ENG-FRA-200GR_1.png","datePublished":"2025-11-23T18:00:15+00:00","breadcrumb":{"@id":"https:\/\/virginias.es\/ca\/producto\/torro-tou-el-taller-de-virginias\/#breadcrumb"},"inLanguage":"ca","potentialAction":[{"@type":"ReadAction","target":["https:\/\/virginias.es\/ca\/producto\/torro-tou-el-taller-de-virginias\/"]}]},{"@type":"ImageObject","inLanguage":"ca","@id":"https:\/\/virginias.es\/ca\/producto\/torro-tou-el-taller-de-virginias\/#primaryimage","url":"https:\/\/virginias.es\/wp-content\/uploads\/2025\/11\/3D_TRB_AM_TALLER_VIRGINIAS_BG_ESP-CAT-ENG-FRA-200GR_1.png","contentUrl":"https:\/\/virginias.es\/wp-content\/uploads\/2025\/11\/3D_TRB_AM_TALLER_VIRGINIAS_BG_ESP-CAT-ENG-FRA-200GR_1.png","width":1000,"height":1000},{"@type":"BreadcrumbList","@id":"https:\/\/virginias.es\/ca\/producto\/torro-tou-el-taller-de-virginias\/#breadcrumb","itemListElement":[{"@type":"ListItem","position":1,"name":"Portada","item":"https:\/\/virginias.es\/ca\/torrons-i-xocolates-virginias\/"},{"@type":"ListItem","position":2,"name":"Tienda","item":"https:\/\/virginias.es\/?page_id=6"},{"@type":"ListItem","position":3,"name":"Torr\u00f3 Tou El Taller de Virginias"}]},{"@type":"WebSite","@id":"https:\/\/virginias.es\/ca\/#website","url":"https:\/\/virginias.es\/ca\/","name":"Virginias","description":"Turrones, galletas y chocolates desde 1932","publisher":{"@id":"https:\/\/virginias.es\/ca\/#organization"},"potentialAction":[{"@type":"SearchAction","target":{"@type":"EntryPoint","urlTemplate":"https:\/\/virginias.es\/ca\/?s={search_term_string}"},"query-input":{"@type":"PropertyValueSpecification","valueRequired":true,"valueName":"search_term_string"}}],"inLanguage":"ca"},{"@type":"Organization","@id":"https:\/\/virginias.es\/ca\/#organization","name":"Turrones Virginias","url":"https:\/\/virginias.es\/ca\/","logo":{"@type":"ImageObject","inLanguage":"ca","@id":"https:\/\/virginias.es\/ca\/#\/schema\/logo\/image\/","url":"https:\/\/virginias.es\/wp-content\/uploads\/2019\/11\/logo-virginias-3_01.png","contentUrl":"https:\/\/virginias.es\/wp-content\/uploads\/2019\/11\/logo-virginias-3_01.png","width":1350,"height":344,"caption":"Turrones Virginias"},"image":{"@id":"https:\/\/virginias.es\/ca\/#\/schema\/logo\/image\/"},"sameAs":["https:\/\/www.facebook.com\/Virginias.es\/","https:\/\/x.com\/Es_Virginias","https:\/\/www.instagram.com\/virginias.es\/"]}]}},"_links":{"self":[{"href":"https:\/\/virginias.es\/ca\/wp-json\/wp\/v2\/product\/34709","targetHints":{"allow":["GET"]}}],"collection":[{"href":"https:\/\/virginias.es\/ca\/wp-json\/wp\/v2\/product"}],"about":[{"href":"https:\/\/virginias.es\/ca\/wp-json\/wp\/v2\/types\/product"}],"replies":[{"embeddable":true,"href":"https:\/\/virginias.es\/ca\/wp-json\/wp\/v2\/comments?post=34709"}],"version-history":[{"count":1,"href":"https:\/\/virginias.es\/ca\/wp-json\/wp\/v2\/product\/34709\/revisions"}],"predecessor-version":[{"id":34710,"href":"https:\/\/virginias.es\/ca\/wp-json\/wp\/v2\/product\/34709\/revisions\/34710"}],"wp:featuredmedia":[{"embeddable":true,"href":"https:\/\/virginias.es\/ca\/wp-json\/wp\/v2\/media\/34705"}],"wp:attachment":[{"href":"https:\/\/virginias.es\/ca\/wp-json\/wp\/v2\/media?parent=34709"}],"wp:term":[{"taxonomy":"product_brand","embeddable":true,"href":"https:\/\/virginias.es\/ca\/wp-json\/wp\/v2\/product_brand?post=34709"},{"taxonomy":"product_cat","embeddable":true,"href":"https:\/\/virginias.es\/ca\/wp-json\/wp\/v2\/product_cat?post=34709"},{"taxonomy":"product_tag","embeddable":true,"href":"https:\/\/virginias.es\/ca\/wp-json\/wp\/v2\/product_tag?post=34709"}],"curies":[{"name":"wp","href":"https:\/\/api.w.org\/{rel}","templated":true}]}}