{"id":34692,"date":"2025-11-23T17:51:14","date_gmt":"2025-11-23T17:51:14","guid":{"rendered":"https:\/\/virginias.es\/?post_type=product&#038;p=34692"},"modified":"2025-11-23T17:51:15","modified_gmt":"2025-11-23T17:51:15","slug":"torro-coco-bombo-0-sucres-afegits-virginias","status":"publish","type":"product","link":"https:\/\/virginias.es\/ca\/producto\/torro-coco-bombo-0-sucres-afegits-virginias\/","title":{"rendered":"Torr\u00f3 Coco Bomb\u00f3 0% Sucres Afegits Virginias"},"content":{"rendered":"<article class=\"text-token-text-primary w-full focus:outline-none [--shadow-height:45px] has-data-writing-block:pointer-events-none has-data-writing-block:-mt-(--shadow-height) has-data-writing-block:pt-(--shadow-height) [&amp;:has([data-writing-block])&gt;*]:pointer-events-auto [content-visibility:auto] supports-[content-visibility:auto]:[contain-intrinsic-size:auto_100lvh] scroll-mt-[calc(var(--header-height)+min(200px,max(70px,20svh)))]\" dir=\"auto\" tabindex=\"-1\" data-turn-id=\"request-69204f4b-6134-832b-88d4-c60dd4f1d65c-8\" data-testid=\"conversation-turn-46\" data-scroll-anchor=\"true\" data-turn=\"assistant\">\n<div class=\"text-base my-auto mx-auto pb-10 [--thread-content-margin:--spacing(4)] thread-sm:[--thread-content-margin:--spacing(6)] thread-lg:[--thread-content-margin:--spacing(16)] px-(--thread-content-margin)\">\n<div class=\"[--thread-content-max-width:40rem] thread-lg:[--thread-content-max-width:48rem] mx-auto max-w-(--thread-content-max-width) flex-1 group\/turn-messages focus-visible:outline-hidden relative flex w-full min-w-0 flex-col agent-turn\" tabindex=\"-1\">\n<div class=\"flex max-w-full flex-col grow\">\n<div class=\"min-h-8 text-message relative flex w-full flex-col items-end gap-2 text-start break-words whitespace-normal [.text-message+&amp;]:mt-1\" dir=\"auto\" data-message-author-role=\"assistant\" data-message-id=\"f11da07f-c1c5-4718-947a-71b3fbf59866\" data-message-model-slug=\"gpt-5-1\">\n<div class=\"flex w-full flex-col gap-1 empty:hidden first:pt-[1px]\">\n<div class=\"markdown prose dark:prose-invert w-full break-words dark markdown-new-styling\">\n<p data-start=\"0\" data-end=\"289\" data-is-last-node=\"\" data-is-only-node=\"\">Torr\u00f3 de coco recobert amb xocolata negra sense sucres afegits. Una proposta que mant\u00e9 el contrast de sabors, combinant el toc suau del coco amb la intensitat de la xocolata, en una versi\u00f3 m\u00e9s lleugera i elaborada amb ingredients de qualitat.<\/p>\n<\/div>\n<\/div>\n<\/div>\n<\/div>\n<div class=\"z-0 flex min-h-[46px] justify-start\"><\/div>\n<div class=\"mt-3 w-full empty:hidden\">\n<div class=\"text-center\"><\/div>\n<\/div>\n<\/div>\n<\/div>\n<\/article>\n<div class=\"pointer-events-none h-px w-px\" aria-hidden=\"true\" data-edge=\"true\"><\/div>\n","protected":false},"excerpt":{"rendered":"<p>Torr\u00f3 de coco recobert amb xocolata negra sense sucres afegits. Una proposta que mant\u00e9 el contrast de sabors, combinant el toc suau del coco amb la intensitat de la xocolata, en una versi\u00f3 m\u00e9s lleugera i elaborada amb ingredients de qualitat.<\/p>\n","protected":false},"featured_media":34693,"comment_status":"open","ping_status":"closed","template":"","meta":[],"product_brand":[],"product_cat":[598],"product_tag":[],"class_list":{"0":"post-34692","1":"product","2":"type-product","3":"status-publish","4":"has-post-thumbnail","6":"product_cat-torrons-sense-sucre","8":"first","9":"instock","10":"taxable","11":"shipping-taxable","12":"product-type-simple"},"yoast_head":"<!-- This site is optimized with the Yoast SEO plugin v27.3 - https:\/\/yoast.com\/product\/yoast-seo-wordpress\/ -->\n<title>Torr\u00f3 Coco Bomb\u00f3 0% Sucres Afegits Virginias | Virginias<\/title>\n<meta name=\"robots\" content=\"index, follow, max-snippet:-1, max-image-preview:large, max-video-preview:-1\" \/>\n<link rel=\"canonical\" href=\"https:\/\/virginias.es\/ca\/producto\/torro-coco-bombo-0-sucres-afegits-virginias\/\" \/>\n<meta property=\"og:locale\" content=\"ca_ES\" \/>\n<meta property=\"og:type\" content=\"article\" \/>\n<meta property=\"og:title\" content=\"Torr\u00f3 Coco Bomb\u00f3 0% Sucres Afegits Virginias | Virginias\" \/>\n<meta property=\"og:description\" content=\"Torr\u00f3 de coco recobert amb xocolata negra sense sucres afegits. Una proposta que mant\u00e9 el contrast de sabors, combinant el toc suau del coco amb la intensitat de la xocolata, en una versi\u00f3 m\u00e9s lleugera i elaborada amb ingredients de qualitat.\" \/>\n<meta property=\"og:url\" content=\"https:\/\/virginias.es\/ca\/producto\/torro-coco-bombo-0-sucres-afegits-virginias\/\" \/>\n<meta property=\"og:site_name\" content=\"Virginias\" \/>\n<meta property=\"article:publisher\" content=\"https:\/\/www.facebook.com\/Virginias.es\/\" \/>\n<meta property=\"article:modified_time\" content=\"2025-11-23T17:51:15+00:00\" \/>\n<meta property=\"og:image\" content=\"https:\/\/virginias.es\/wp-content\/uploads\/2025\/11\/F_coco-bombon-0azucar-1.png\" \/>\n\t<meta property=\"og:image:width\" content=\"1000\" \/>\n\t<meta property=\"og:image:height\" content=\"1000\" \/>\n\t<meta property=\"og:image:type\" content=\"image\/png\" \/>\n<meta name=\"twitter:card\" content=\"summary_large_image\" \/>\n<meta name=\"twitter:site\" content=\"@Es_Virginias\" \/>\n<meta name=\"twitter:label1\" content=\"Temps estimat de lectura\" \/>\n\t<meta name=\"twitter:data1\" content=\"1 minut\" \/>\n<script type=\"application\/ld+json\" class=\"yoast-schema-graph\">{\"@context\":\"https:\\\/\\\/schema.org\",\"@graph\":[{\"@type\":\"WebPage\",\"@id\":\"https:\\\/\\\/virginias.es\\\/ca\\\/producto\\\/torro-coco-bombo-0-sucres-afegits-virginias\\\/\",\"url\":\"https:\\\/\\\/virginias.es\\\/ca\\\/producto\\\/torro-coco-bombo-0-sucres-afegits-virginias\\\/\",\"name\":\"Torr\u00f3 Coco Bomb\u00f3 0% Sucres Afegits Virginias | Virginias\",\"isPartOf\":{\"@id\":\"https:\\\/\\\/virginias.es\\\/ca\\\/#website\"},\"primaryImageOfPage\":{\"@id\":\"https:\\\/\\\/virginias.es\\\/ca\\\/producto\\\/torro-coco-bombo-0-sucres-afegits-virginias\\\/#primaryimage\"},\"image\":{\"@id\":\"https:\\\/\\\/virginias.es\\\/ca\\\/producto\\\/torro-coco-bombo-0-sucres-afegits-virginias\\\/#primaryimage\"},\"thumbnailUrl\":\"https:\\\/\\\/virginias.es\\\/wp-content\\\/uploads\\\/2025\\\/11\\\/F_coco-bombon-0azucar-1.png\",\"datePublished\":\"2025-11-23T17:51:14+00:00\",\"dateModified\":\"2025-11-23T17:51:15+00:00\",\"breadcrumb\":{\"@id\":\"https:\\\/\\\/virginias.es\\\/ca\\\/producto\\\/torro-coco-bombo-0-sucres-afegits-virginias\\\/#breadcrumb\"},\"inLanguage\":\"ca\",\"potentialAction\":[{\"@type\":\"ReadAction\",\"target\":[\"https:\\\/\\\/virginias.es\\\/ca\\\/producto\\\/torro-coco-bombo-0-sucres-afegits-virginias\\\/\"]}]},{\"@type\":\"ImageObject\",\"inLanguage\":\"ca\",\"@id\":\"https:\\\/\\\/virginias.es\\\/ca\\\/producto\\\/torro-coco-bombo-0-sucres-afegits-virginias\\\/#primaryimage\",\"url\":\"https:\\\/\\\/virginias.es\\\/wp-content\\\/uploads\\\/2025\\\/11\\\/F_coco-bombon-0azucar-1.png\",\"contentUrl\":\"https:\\\/\\\/virginias.es\\\/wp-content\\\/uploads\\\/2025\\\/11\\\/F_coco-bombon-0azucar-1.png\",\"width\":1000,\"height\":1000},{\"@type\":\"BreadcrumbList\",\"@id\":\"https:\\\/\\\/virginias.es\\\/ca\\\/producto\\\/torro-coco-bombo-0-sucres-afegits-virginias\\\/#breadcrumb\",\"itemListElement\":[{\"@type\":\"ListItem\",\"position\":1,\"name\":\"Portada\",\"item\":\"https:\\\/\\\/virginias.es\\\/ca\\\/torrons-i-xocolates-virginias\\\/\"},{\"@type\":\"ListItem\",\"position\":2,\"name\":\"Tienda\",\"item\":\"https:\\\/\\\/virginias.es\\\/?page_id=6\"},{\"@type\":\"ListItem\",\"position\":3,\"name\":\"Torr\u00f3 Coco Bomb\u00f3 0% Sucres Afegits Virginias\"}]},{\"@type\":\"WebSite\",\"@id\":\"https:\\\/\\\/virginias.es\\\/ca\\\/#website\",\"url\":\"https:\\\/\\\/virginias.es\\\/ca\\\/\",\"name\":\"Virginias\",\"description\":\"Turrones, galletas y chocolates desde 1932\",\"publisher\":{\"@id\":\"https:\\\/\\\/virginias.es\\\/ca\\\/#organization\"},\"potentialAction\":[{\"@type\":\"SearchAction\",\"target\":{\"@type\":\"EntryPoint\",\"urlTemplate\":\"https:\\\/\\\/virginias.es\\\/ca\\\/?s={search_term_string}\"},\"query-input\":{\"@type\":\"PropertyValueSpecification\",\"valueRequired\":true,\"valueName\":\"search_term_string\"}}],\"inLanguage\":\"ca\"},{\"@type\":\"Organization\",\"@id\":\"https:\\\/\\\/virginias.es\\\/ca\\\/#organization\",\"name\":\"Turrones Virginias\",\"url\":\"https:\\\/\\\/virginias.es\\\/ca\\\/\",\"logo\":{\"@type\":\"ImageObject\",\"inLanguage\":\"ca\",\"@id\":\"https:\\\/\\\/virginias.es\\\/ca\\\/#\\\/schema\\\/logo\\\/image\\\/\",\"url\":\"https:\\\/\\\/virginias.es\\\/wp-content\\\/uploads\\\/2019\\\/11\\\/logo-virginias-3_01.png\",\"contentUrl\":\"https:\\\/\\\/virginias.es\\\/wp-content\\\/uploads\\\/2019\\\/11\\\/logo-virginias-3_01.png\",\"width\":1350,\"height\":344,\"caption\":\"Turrones Virginias\"},\"image\":{\"@id\":\"https:\\\/\\\/virginias.es\\\/ca\\\/#\\\/schema\\\/logo\\\/image\\\/\"},\"sameAs\":[\"https:\\\/\\\/www.facebook.com\\\/Virginias.es\\\/\",\"https:\\\/\\\/x.com\\\/Es_Virginias\",\"https:\\\/\\\/www.instagram.com\\\/virginias.es\\\/\"]}]}<\/script>\n<!-- \/ Yoast SEO plugin. -->","yoast_head_json":{"title":"Torr\u00f3 Coco Bomb\u00f3 0% Sucres Afegits Virginias | Virginias","robots":{"index":"index","follow":"follow","max-snippet":"max-snippet:-1","max-image-preview":"max-image-preview:large","max-video-preview":"max-video-preview:-1"},"canonical":"https:\/\/virginias.es\/ca\/producto\/torro-coco-bombo-0-sucres-afegits-virginias\/","og_locale":"ca_ES","og_type":"article","og_title":"Torr\u00f3 Coco Bomb\u00f3 0% Sucres Afegits Virginias | Virginias","og_description":"Torr\u00f3 de coco recobert amb xocolata negra sense sucres afegits. Una proposta que mant\u00e9 el contrast de sabors, combinant el toc suau del coco amb la intensitat de la xocolata, en una versi\u00f3 m\u00e9s lleugera i elaborada amb ingredients de qualitat.","og_url":"https:\/\/virginias.es\/ca\/producto\/torro-coco-bombo-0-sucres-afegits-virginias\/","og_site_name":"Virginias","article_publisher":"https:\/\/www.facebook.com\/Virginias.es\/","article_modified_time":"2025-11-23T17:51:15+00:00","og_image":[{"width":1000,"height":1000,"url":"https:\/\/virginias.es\/wp-content\/uploads\/2025\/11\/F_coco-bombon-0azucar-1.png","type":"image\/png"}],"twitter_card":"summary_large_image","twitter_site":"@Es_Virginias","twitter_misc":{"Temps estimat de lectura":"1 minut"},"schema":{"@context":"https:\/\/schema.org","@graph":[{"@type":"WebPage","@id":"https:\/\/virginias.es\/ca\/producto\/torro-coco-bombo-0-sucres-afegits-virginias\/","url":"https:\/\/virginias.es\/ca\/producto\/torro-coco-bombo-0-sucres-afegits-virginias\/","name":"Torr\u00f3 Coco Bomb\u00f3 0% Sucres Afegits Virginias | Virginias","isPartOf":{"@id":"https:\/\/virginias.es\/ca\/#website"},"primaryImageOfPage":{"@id":"https:\/\/virginias.es\/ca\/producto\/torro-coco-bombo-0-sucres-afegits-virginias\/#primaryimage"},"image":{"@id":"https:\/\/virginias.es\/ca\/producto\/torro-coco-bombo-0-sucres-afegits-virginias\/#primaryimage"},"thumbnailUrl":"https:\/\/virginias.es\/wp-content\/uploads\/2025\/11\/F_coco-bombon-0azucar-1.png","datePublished":"2025-11-23T17:51:14+00:00","dateModified":"2025-11-23T17:51:15+00:00","breadcrumb":{"@id":"https:\/\/virginias.es\/ca\/producto\/torro-coco-bombo-0-sucres-afegits-virginias\/#breadcrumb"},"inLanguage":"ca","potentialAction":[{"@type":"ReadAction","target":["https:\/\/virginias.es\/ca\/producto\/torro-coco-bombo-0-sucres-afegits-virginias\/"]}]},{"@type":"ImageObject","inLanguage":"ca","@id":"https:\/\/virginias.es\/ca\/producto\/torro-coco-bombo-0-sucres-afegits-virginias\/#primaryimage","url":"https:\/\/virginias.es\/wp-content\/uploads\/2025\/11\/F_coco-bombon-0azucar-1.png","contentUrl":"https:\/\/virginias.es\/wp-content\/uploads\/2025\/11\/F_coco-bombon-0azucar-1.png","width":1000,"height":1000},{"@type":"BreadcrumbList","@id":"https:\/\/virginias.es\/ca\/producto\/torro-coco-bombo-0-sucres-afegits-virginias\/#breadcrumb","itemListElement":[{"@type":"ListItem","position":1,"name":"Portada","item":"https:\/\/virginias.es\/ca\/torrons-i-xocolates-virginias\/"},{"@type":"ListItem","position":2,"name":"Tienda","item":"https:\/\/virginias.es\/?page_id=6"},{"@type":"ListItem","position":3,"name":"Torr\u00f3 Coco Bomb\u00f3 0% Sucres Afegits Virginias"}]},{"@type":"WebSite","@id":"https:\/\/virginias.es\/ca\/#website","url":"https:\/\/virginias.es\/ca\/","name":"Virginias","description":"Turrones, galletas y chocolates desde 1932","publisher":{"@id":"https:\/\/virginias.es\/ca\/#organization"},"potentialAction":[{"@type":"SearchAction","target":{"@type":"EntryPoint","urlTemplate":"https:\/\/virginias.es\/ca\/?s={search_term_string}"},"query-input":{"@type":"PropertyValueSpecification","valueRequired":true,"valueName":"search_term_string"}}],"inLanguage":"ca"},{"@type":"Organization","@id":"https:\/\/virginias.es\/ca\/#organization","name":"Turrones Virginias","url":"https:\/\/virginias.es\/ca\/","logo":{"@type":"ImageObject","inLanguage":"ca","@id":"https:\/\/virginias.es\/ca\/#\/schema\/logo\/image\/","url":"https:\/\/virginias.es\/wp-content\/uploads\/2019\/11\/logo-virginias-3_01.png","contentUrl":"https:\/\/virginias.es\/wp-content\/uploads\/2019\/11\/logo-virginias-3_01.png","width":1350,"height":344,"caption":"Turrones Virginias"},"image":{"@id":"https:\/\/virginias.es\/ca\/#\/schema\/logo\/image\/"},"sameAs":["https:\/\/www.facebook.com\/Virginias.es\/","https:\/\/x.com\/Es_Virginias","https:\/\/www.instagram.com\/virginias.es\/"]}]}},"_links":{"self":[{"href":"https:\/\/virginias.es\/ca\/wp-json\/wp\/v2\/product\/34692","targetHints":{"allow":["GET"]}}],"collection":[{"href":"https:\/\/virginias.es\/ca\/wp-json\/wp\/v2\/product"}],"about":[{"href":"https:\/\/virginias.es\/ca\/wp-json\/wp\/v2\/types\/product"}],"replies":[{"embeddable":true,"href":"https:\/\/virginias.es\/ca\/wp-json\/wp\/v2\/comments?post=34692"}],"version-history":[{"count":1,"href":"https:\/\/virginias.es\/ca\/wp-json\/wp\/v2\/product\/34692\/revisions"}],"predecessor-version":[{"id":34696,"href":"https:\/\/virginias.es\/ca\/wp-json\/wp\/v2\/product\/34692\/revisions\/34696"}],"wp:featuredmedia":[{"embeddable":true,"href":"https:\/\/virginias.es\/ca\/wp-json\/wp\/v2\/media\/34693"}],"wp:attachment":[{"href":"https:\/\/virginias.es\/ca\/wp-json\/wp\/v2\/media?parent=34692"}],"wp:term":[{"taxonomy":"product_brand","embeddable":true,"href":"https:\/\/virginias.es\/ca\/wp-json\/wp\/v2\/product_brand?post=34692"},{"taxonomy":"product_cat","embeddable":true,"href":"https:\/\/virginias.es\/ca\/wp-json\/wp\/v2\/product_cat?post=34692"},{"taxonomy":"product_tag","embeddable":true,"href":"https:\/\/virginias.es\/ca\/wp-json\/wp\/v2\/product_tag?post=34692"}],"curies":[{"name":"wp","href":"https:\/\/api.w.org\/{rel}","templated":true}]}}