{"id":33559,"date":"2024-11-07T11:31:53","date_gmt":"2024-11-07T11:31:53","guid":{"rendered":"https:\/\/virginias.es\/?page_id=33559"},"modified":"2024-11-19T11:36:40","modified_gmt":"2024-11-19T11:36:40","slug":"virginias-zusto","status":"publish","type":"page","link":"https:\/\/virginias.es\/ca\/virginias-zusto\/","title":{"rendered":"Virginias Z\u00f9sto"},"content":{"rendered":"\t\t<div data-elementor-type=\"wp-page\" data-elementor-id=\"33559\" class=\"elementor elementor-33559 elementor-33535\" data-elementor-post-type=\"page\">\n\t\t\t\t\t\t<section class=\"elementor-section elementor-top-section elementor-element elementor-element-42b3602 elementor-section-height-min-height elementor-section-full_width elementor-section-content-middle elementor-section-height-default elementor-section-items-middle\" data-id=\"42b3602\" data-element_type=\"section\" data-e-type=\"section\" data-settings=\"{&quot;background_background&quot;:&quot;classic&quot;}\">\n\t\t\t\t\t\t\t<div class=\"elementor-background-overlay\"><\/div>\n\t\t\t\t\t\t\t<div class=\"elementor-container elementor-column-gap-default\">\n\t\t\t\t\t<div class=\"elementor-column elementor-col-100 elementor-top-column elementor-element elementor-element-bbba89a\" data-id=\"bbba89a\" data-element_type=\"column\" data-e-type=\"column\">\n\t\t\t<div class=\"elementor-widget-wrap\">\n\t\t\t\t\t\t\t<\/div>\n\t\t<\/div>\n\t\t\t\t\t<\/div>\n\t\t<\/section>\n\t\t\t\t<section class=\"elementor-section elementor-top-section elementor-element elementor-element-22eed6c elementor-section-boxed elementor-section-height-default elementor-section-height-default\" data-id=\"22eed6c\" data-element_type=\"section\" data-e-type=\"section\">\n\t\t\t\t\t\t<div class=\"elementor-container elementor-column-gap-default\">\n\t\t\t\t\t<div class=\"elementor-column elementor-col-100 elementor-top-column elementor-element elementor-element-341f5f8\" data-id=\"341f5f8\" data-element_type=\"column\" data-e-type=\"column\">\n\t\t\t<div class=\"elementor-widget-wrap elementor-element-populated\">\n\t\t\t\t\t\t<div class=\"elementor-element elementor-element-49286a0 elementor-widget elementor-widget-heading\" data-id=\"49286a0\" data-element_type=\"widget\" data-e-type=\"widget\" data-widget_type=\"heading.default\">\n\t\t\t\t<div class=\"elementor-widget-container\">\n\t\t\t\t\t<h1 class=\"elementor-heading-title elementor-size-default\">Virginias Z\u00f9sto<\/h1>\t\t\t\t<\/div>\n\t\t\t\t<\/div>\n\t\t\t\t<div class=\"elementor-element elementor-element-7b3d1b2 elementor-widget elementor-widget-heading\" data-id=\"7b3d1b2\" data-element_type=\"widget\" data-e-type=\"widget\" data-widget_type=\"heading.default\">\n\t\t\t\t<div class=\"elementor-widget-container\">\n\t\t\t\t\t<h2 class=\"elementor-heading-title elementor-size-default\">El substitut del sucre dol\u00e7ament aut\u00e8ntic.\u200b<\/h2>\t\t\t\t<\/div>\n\t\t\t\t<\/div>\n\t\t\t\t<div class=\"elementor-element elementor-element-241f253 elementor-widget elementor-widget-text-editor\" data-id=\"241f253\" data-element_type=\"widget\" data-e-type=\"widget\" data-widget_type=\"text-editor.default\">\n\t\t\t\t<div class=\"elementor-widget-container\">\n\t\t\t\t\t\t\t\t\t<p>Virginias Z\u00f9sto \u00e9s un revolucionari substitut del sucre de base vegetal i amb propietats organol\u00e8ptiques molt semblants a les del sucre tradicional.<\/p>\t\t\t\t\t\t\t\t<\/div>\n\t\t\t\t<\/div>\n\t\t\t\t<div class=\"elementor-element elementor-element-e6f8147 elementor-widget-divider--view-line elementor-widget elementor-widget-divider\" data-id=\"e6f8147\" data-element_type=\"widget\" data-e-type=\"widget\" data-widget_type=\"divider.default\">\n\t\t\t\t<div class=\"elementor-widget-container\">\n\t\t\t\t\t\t\t<div class=\"elementor-divider\">\n\t\t\t<span class=\"elementor-divider-separator\">\n\t\t\t\t\t\t<\/span>\n\t\t<\/div>\n\t\t\t\t\t\t<\/div>\n\t\t\t\t<\/div>\n\t\t\t\t\t<\/div>\n\t\t<\/div>\n\t\t\t\t\t<\/div>\n\t\t<\/section>\n\t\t\t\t<section class=\"elementor-section elementor-top-section elementor-element elementor-element-62c948d elementor-section-boxed elementor-section-height-default elementor-section-height-default\" data-id=\"62c948d\" data-element_type=\"section\" data-e-type=\"section\">\n\t\t\t\t\t\t<div class=\"elementor-container elementor-column-gap-default\">\n\t\t\t\t\t<div class=\"elementor-column elementor-col-100 elementor-top-column elementor-element elementor-element-cf8304a\" data-id=\"cf8304a\" data-element_type=\"column\" data-e-type=\"column\">\n\t\t\t<div class=\"elementor-widget-wrap elementor-element-populated\">\n\t\t\t\t\t\t<div class=\"elementor-element elementor-element-fe9d6e4 elementor-widget elementor-widget-text-editor\" data-id=\"fe9d6e4\" data-element_type=\"widget\" data-e-type=\"widget\" data-widget_type=\"text-editor.default\">\n\t\t\t\t<div class=\"elementor-widget-container\">\n\t\t\t\t\t\t\t\t\t<p style=\"text-align: justify;\">Amb un <strong>75% menys de calories<\/strong> que el sucre tradicional i amb un <strong>contingut del 65% en fibra<\/strong>, Virginias Z\u00f9sto \u00e9s un producte ideal per a utilitzar tant com substitut del sucre en begudes, com per a elaborar les teves pr\u00f2pies receptes de rebosteria, amb l&#8217;avantatge, que s&#8217;utilitza en la mateixa proporci\u00f3 que un sucre tradicional. Molts dels nostres productes 0% sense sucres afegits estan elaborats amb Virginias Z\u00f9sto.<\/p>\t\t\t\t\t\t\t\t<\/div>\n\t\t\t\t<\/div>\n\t\t\t\t\t<\/div>\n\t\t<\/div>\n\t\t\t\t\t<\/div>\n\t\t<\/section>\n\t\t\t\t<section class=\"elementor-section elementor-top-section elementor-element elementor-element-60d8d59 elementor-section-boxed elementor-section-height-default elementor-section-height-default\" data-id=\"60d8d59\" data-element_type=\"section\" data-e-type=\"section\">\n\t\t\t\t\t\t<div class=\"elementor-container elementor-column-gap-default\">\n\t\t\t\t\t<div class=\"elementor-column elementor-col-100 elementor-top-column elementor-element elementor-element-3a40dfd\" data-id=\"3a40dfd\" data-element_type=\"column\" data-e-type=\"column\">\n\t\t\t<div class=\"elementor-widget-wrap elementor-element-populated\">\n\t\t\t\t\t\t<section class=\"elementor-section elementor-inner-section elementor-element elementor-element-29ccaf6 elementor-section-boxed elementor-section-height-default elementor-section-height-default\" data-id=\"29ccaf6\" data-element_type=\"section\" data-e-type=\"section\">\n\t\t\t\t\t\t<div class=\"elementor-container elementor-column-gap-default\">\n\t\t\t\t\t<div class=\"elementor-column elementor-col-100 elementor-inner-column elementor-element elementor-element-648193a\" data-id=\"648193a\" data-element_type=\"column\" data-e-type=\"column\">\n\t\t\t<div class=\"elementor-widget-wrap elementor-element-populated\">\n\t\t\t\t\t\t<div class=\"elementor-element elementor-element-f13261f elementor-widget elementor-widget-image\" data-id=\"f13261f\" data-element_type=\"widget\" data-e-type=\"widget\" data-widget_type=\"image.default\">\n\t\t\t\t<div class=\"elementor-widget-container\">\n\t\t\t\t\t\t\t\t\t\t\t\t\t\t\t<img fetchpriority=\"high\" decoding=\"async\" width=\"1200\" height=\"801\" src=\"https:\/\/virginias.es\/wp-content\/uploads\/2024\/11\/Virginias-zusto-Bodegon-web.jpg\" class=\"attachment-full size-full wp-image-33527\" alt=\"\" srcset=\"https:\/\/virginias.es\/wp-content\/uploads\/2024\/11\/Virginias-zusto-Bodegon-web.jpg 1200w, https:\/\/virginias.es\/wp-content\/uploads\/2024\/11\/Virginias-zusto-Bodegon-web-300x200.jpg 300w, https:\/\/virginias.es\/wp-content\/uploads\/2024\/11\/Virginias-zusto-Bodegon-web-1024x684.jpg 1024w, https:\/\/virginias.es\/wp-content\/uploads\/2024\/11\/Virginias-zusto-Bodegon-web-768x513.jpg 768w, https:\/\/virginias.es\/wp-content\/uploads\/2024\/11\/Virginias-zusto-Bodegon-web-600x401.jpg 600w\" sizes=\"(max-width: 1200px) 100vw, 1200px\" \/>\t\t\t\t\t\t\t\t\t\t\t\t\t\t\t<\/div>\n\t\t\t\t<\/div>\n\t\t\t\t\t<\/div>\n\t\t<\/div>\n\t\t\t\t\t<\/div>\n\t\t<\/section>\n\t\t\t\t\t<\/div>\n\t\t<\/div>\n\t\t\t\t\t<\/div>\n\t\t<\/section>\n\t\t\t\t<section class=\"elementor-section elementor-top-section elementor-element elementor-element-5322bbe elementor-section-boxed elementor-section-height-default elementor-section-height-default\" data-id=\"5322bbe\" data-element_type=\"section\" data-e-type=\"section\">\n\t\t\t\t\t\t<div class=\"elementor-container elementor-column-gap-default\">\n\t\t\t\t\t<div class=\"elementor-column elementor-col-100 elementor-top-column elementor-element elementor-element-b8dc2b2\" data-id=\"b8dc2b2\" data-element_type=\"column\" data-e-type=\"column\">\n\t\t\t<div class=\"elementor-widget-wrap elementor-element-populated\">\n\t\t\t\t\t\t<section class=\"elementor-section elementor-inner-section elementor-element elementor-element-5e2b00c elementor-section-boxed elementor-section-height-default elementor-section-height-default\" data-id=\"5e2b00c\" data-element_type=\"section\" data-e-type=\"section\">\n\t\t\t\t\t\t<div class=\"elementor-container elementor-column-gap-default\">\n\t\t\t\t\t<div class=\"elementor-column elementor-col-50 elementor-inner-column elementor-element elementor-element-32dd2b8\" data-id=\"32dd2b8\" data-element_type=\"column\" data-e-type=\"column\">\n\t\t\t<div class=\"elementor-widget-wrap elementor-element-populated\">\n\t\t\t\t\t\t<div class=\"elementor-element elementor-element-9636f2d elementor-widget elementor-widget-image\" data-id=\"9636f2d\" data-element_type=\"widget\" data-e-type=\"widget\" data-widget_type=\"image.default\">\n\t\t\t\t<div class=\"elementor-widget-container\">\n\t\t\t\t\t\t\t\t\t\t\t\t\t\t\t<img decoding=\"async\" width=\"1000\" height=\"958\" src=\"https:\/\/virginias.es\/wp-content\/uploads\/2024\/11\/dulcemente-virginias-zusto-2.jpg\" class=\"attachment-full size-full wp-image-33834\" alt=\"\" srcset=\"https:\/\/virginias.es\/wp-content\/uploads\/2024\/11\/dulcemente-virginias-zusto-2.jpg 1000w, https:\/\/virginias.es\/wp-content\/uploads\/2024\/11\/dulcemente-virginias-zusto-2-300x287.jpg 300w, https:\/\/virginias.es\/wp-content\/uploads\/2024\/11\/dulcemente-virginias-zusto-2-768x736.jpg 768w, https:\/\/virginias.es\/wp-content\/uploads\/2024\/11\/dulcemente-virginias-zusto-2-600x575.jpg 600w\" sizes=\"(max-width: 1000px) 100vw, 1000px\" \/>\t\t\t\t\t\t\t\t\t\t\t\t\t\t\t<\/div>\n\t\t\t\t<\/div>\n\t\t\t\t\t<\/div>\n\t\t<\/div>\n\t\t\t\t<div class=\"elementor-column elementor-col-50 elementor-inner-column elementor-element elementor-element-881093f\" data-id=\"881093f\" data-element_type=\"column\" data-e-type=\"column\">\n\t\t\t<div class=\"elementor-widget-wrap elementor-element-populated\">\n\t\t\t\t\t\t<div class=\"elementor-element elementor-element-6d7fecc elementor-widget elementor-widget-text-editor\" data-id=\"6d7fecc\" data-element_type=\"widget\" data-e-type=\"widget\" data-widget_type=\"text-editor.default\">\n\t\t\t\t<div class=\"elementor-widget-container\">\n\t\t\t\t\t\t\t\t\t<p style=\"text-align: center;\"><strong>Virginias Z\u00f9sto<\/strong> t\u00e9 la m\u00e0xima puntuaci\u00f3 en l&#8217;escala <strong>Nutriscore<\/strong> i \u00e9s un producte recomanat per a <strong>dietes saludables i pacients amb diabetis<\/strong> ja que t\u00e9 un 78% menys d&#8217;\u00edndex gluc\u00e8mic que el sucre i un 38% menys que els edulcorants qu\u00edmics habituals.<\/p>\t\t\t\t\t\t\t\t<\/div>\n\t\t\t\t<\/div>\n\t\t\t\t\t<\/div>\n\t\t<\/div>\n\t\t\t\t\t<\/div>\n\t\t<\/section>\n\t\t\t\t\t<\/div>\n\t\t<\/div>\n\t\t\t\t\t<\/div>\n\t\t<\/section>\n\t\t\t\t<section class=\"elementor-section elementor-top-section elementor-element elementor-element-87d43df elementor-section-boxed elementor-section-height-default elementor-section-height-default\" data-id=\"87d43df\" data-element_type=\"section\" data-e-type=\"section\">\n\t\t\t\t\t\t<div class=\"elementor-container elementor-column-gap-default\">\n\t\t\t\t\t<div class=\"elementor-column elementor-col-100 elementor-top-column elementor-element elementor-element-19f29bb\" data-id=\"19f29bb\" data-element_type=\"column\" data-e-type=\"column\">\n\t\t\t<div class=\"elementor-widget-wrap elementor-element-populated\">\n\t\t\t\t\t\t<div class=\"elementor-element elementor-element-fd3f025 elementor-align-center elementor-widget elementor-widget-button\" data-id=\"fd3f025\" data-element_type=\"widget\" data-e-type=\"widget\" data-widget_type=\"button.default\">\n\t\t\t\t<div class=\"elementor-widget-container\">\n\t\t\t\t\t\t\t\t\t<div class=\"elementor-button-wrapper\">\n\t\t\t\t\t<a class=\"elementor-button elementor-button-link elementor-size-xl\" href=\"https:\/\/virginias.es\/tienda\/\">\n\t\t\t\t\t\t<span class=\"elementor-button-content-wrapper\">\n\t\t\t\t\t\t\t\t\t<span class=\"elementor-button-text\">COMPRAR AHORA<\/span>\n\t\t\t\t\t<\/span>\n\t\t\t\t\t<\/a>\n\t\t\t\t<\/div>\n\t\t\t\t\t\t\t\t<\/div>\n\t\t\t\t<\/div>\n\t\t\t\t\t<\/div>\n\t\t<\/div>\n\t\t\t\t\t<\/div>\n\t\t<\/section>\n\t\t\t\t<\/div>\n\t\t","protected":false},"excerpt":{"rendered":"<p>Virginias Z\u00f9sto El substitut del sucre dol\u00e7ament aut\u00e8ntic.\u200b Virginias Z\u00f9sto \u00e9s un revolucionari substitut del sucre de base vegetal i amb propietats organol\u00e8ptiques molt semblants a les del sucre tradicional. Amb un 75% menys de calories que el sucre tradicional i amb un contingut del 65% en fibra, Virginias Z\u00f9sto \u00e9s un producte ideal per [&hellip;]<\/p>\n","protected":false},"author":6,"featured_media":0,"parent":0,"menu_order":0,"comment_status":"closed","ping_status":"closed","template":"elementor_header_footer","meta":{"footnotes":""},"class_list":["post-33559","page","type-page","status-publish","hentry"],"yoast_head":"<!-- This site is optimized with the Yoast SEO plugin v27.3 - https:\/\/yoast.com\/product\/yoast-seo-wordpress\/ -->\n<title>Virginias Z\u00f9sto | Virginias<\/title>\n<meta name=\"description\" content=\"Virginias Z\u00f9sto. El substitut del sucre.\" \/>\n<meta name=\"robots\" content=\"index, follow, max-snippet:-1, max-image-preview:large, max-video-preview:-1\" \/>\n<link rel=\"canonical\" href=\"https:\/\/virginias.es\/ca\/virginias-zusto\/\" \/>\n<meta property=\"og:locale\" content=\"ca_ES\" \/>\n<meta property=\"og:type\" content=\"article\" \/>\n<meta property=\"og:title\" content=\"Virginias Z\u00f9sto | Virginias\" \/>\n<meta property=\"og:description\" content=\"Virginias Z\u00f9sto. El substitut del sucre.\" \/>\n<meta property=\"og:url\" content=\"https:\/\/virginias.es\/ca\/virginias-zusto\/\" \/>\n<meta property=\"og:site_name\" content=\"Virginias\" \/>\n<meta property=\"article:publisher\" content=\"https:\/\/www.facebook.com\/Virginias.es\/\" \/>\n<meta property=\"article:modified_time\" content=\"2024-11-19T11:36:40+00:00\" \/>\n<meta property=\"og:image\" content=\"https:\/\/virginias.es\/wp-content\/uploads\/2024\/11\/Virginias-zusto-Bodegon-web.jpg\" \/>\n\t<meta property=\"og:image:width\" content=\"1200\" \/>\n\t<meta property=\"og:image:height\" content=\"801\" \/>\n\t<meta property=\"og:image:type\" content=\"image\/jpeg\" \/>\n<meta name=\"twitter:card\" content=\"summary_large_image\" \/>\n<meta name=\"twitter:site\" content=\"@Es_Virginias\" \/>\n<meta name=\"twitter:label1\" content=\"Temps estimat de lectura\" \/>\n\t<meta name=\"twitter:data1\" content=\"2 minuts\" \/>\n<script type=\"application\/ld+json\" class=\"yoast-schema-graph\">{\"@context\":\"https:\\\/\\\/schema.org\",\"@graph\":[{\"@type\":\"WebPage\",\"@id\":\"https:\\\/\\\/virginias.es\\\/ca\\\/virginias-zusto\\\/\",\"url\":\"https:\\\/\\\/virginias.es\\\/ca\\\/virginias-zusto\\\/\",\"name\":\"Virginias Z\u00f9sto | Virginias\",\"isPartOf\":{\"@id\":\"https:\\\/\\\/virginias.es\\\/ca\\\/#website\"},\"primaryImageOfPage\":{\"@id\":\"https:\\\/\\\/virginias.es\\\/ca\\\/virginias-zusto\\\/#primaryimage\"},\"image\":{\"@id\":\"https:\\\/\\\/virginias.es\\\/ca\\\/virginias-zusto\\\/#primaryimage\"},\"thumbnailUrl\":\"https:\\\/\\\/virginias.es\\\/wp-content\\\/uploads\\\/2024\\\/11\\\/Virginias-zusto-Bodegon-web.jpg\",\"datePublished\":\"2024-11-07T11:31:53+00:00\",\"dateModified\":\"2024-11-19T11:36:40+00:00\",\"description\":\"Virginias Z\u00f9sto. El substitut del sucre.\",\"breadcrumb\":{\"@id\":\"https:\\\/\\\/virginias.es\\\/ca\\\/virginias-zusto\\\/#breadcrumb\"},\"inLanguage\":\"ca\",\"potentialAction\":[{\"@type\":\"ReadAction\",\"target\":[\"https:\\\/\\\/virginias.es\\\/ca\\\/virginias-zusto\\\/\"]}]},{\"@type\":\"ImageObject\",\"inLanguage\":\"ca\",\"@id\":\"https:\\\/\\\/virginias.es\\\/ca\\\/virginias-zusto\\\/#primaryimage\",\"url\":\"https:\\\/\\\/virginias.es\\\/wp-content\\\/uploads\\\/2024\\\/11\\\/Virginias-zusto-Bodegon-web.jpg\",\"contentUrl\":\"https:\\\/\\\/virginias.es\\\/wp-content\\\/uploads\\\/2024\\\/11\\\/Virginias-zusto-Bodegon-web.jpg\"},{\"@type\":\"BreadcrumbList\",\"@id\":\"https:\\\/\\\/virginias.es\\\/ca\\\/virginias-zusto\\\/#breadcrumb\",\"itemListElement\":[{\"@type\":\"ListItem\",\"position\":1,\"name\":\"Portada\",\"item\":\"https:\\\/\\\/virginias.es\\\/ca\\\/torrons-i-xocolates-virginias\\\/\"},{\"@type\":\"ListItem\",\"position\":2,\"name\":\"Virginias Z\u00f9sto\"}]},{\"@type\":\"WebSite\",\"@id\":\"https:\\\/\\\/virginias.es\\\/ca\\\/#website\",\"url\":\"https:\\\/\\\/virginias.es\\\/ca\\\/\",\"name\":\"Virginias\",\"description\":\"Turrones, galletas y chocolates desde 1932\",\"publisher\":{\"@id\":\"https:\\\/\\\/virginias.es\\\/ca\\\/#organization\"},\"potentialAction\":[{\"@type\":\"SearchAction\",\"target\":{\"@type\":\"EntryPoint\",\"urlTemplate\":\"https:\\\/\\\/virginias.es\\\/ca\\\/?s={search_term_string}\"},\"query-input\":{\"@type\":\"PropertyValueSpecification\",\"valueRequired\":true,\"valueName\":\"search_term_string\"}}],\"inLanguage\":\"ca\"},{\"@type\":\"Organization\",\"@id\":\"https:\\\/\\\/virginias.es\\\/ca\\\/#organization\",\"name\":\"Turrones Virginias\",\"url\":\"https:\\\/\\\/virginias.es\\\/ca\\\/\",\"logo\":{\"@type\":\"ImageObject\",\"inLanguage\":\"ca\",\"@id\":\"https:\\\/\\\/virginias.es\\\/ca\\\/#\\\/schema\\\/logo\\\/image\\\/\",\"url\":\"https:\\\/\\\/virginias.es\\\/wp-content\\\/uploads\\\/2019\\\/11\\\/logo-virginias-3_01.png\",\"contentUrl\":\"https:\\\/\\\/virginias.es\\\/wp-content\\\/uploads\\\/2019\\\/11\\\/logo-virginias-3_01.png\",\"width\":1350,\"height\":344,\"caption\":\"Turrones Virginias\"},\"image\":{\"@id\":\"https:\\\/\\\/virginias.es\\\/ca\\\/#\\\/schema\\\/logo\\\/image\\\/\"},\"sameAs\":[\"https:\\\/\\\/www.facebook.com\\\/Virginias.es\\\/\",\"https:\\\/\\\/x.com\\\/Es_Virginias\",\"https:\\\/\\\/www.instagram.com\\\/virginias.es\\\/\"]}]}<\/script>\n<!-- \/ Yoast SEO plugin. -->","yoast_head_json":{"title":"Virginias Z\u00f9sto | Virginias","description":"Virginias Z\u00f9sto. El substitut del sucre.","robots":{"index":"index","follow":"follow","max-snippet":"max-snippet:-1","max-image-preview":"max-image-preview:large","max-video-preview":"max-video-preview:-1"},"canonical":"https:\/\/virginias.es\/ca\/virginias-zusto\/","og_locale":"ca_ES","og_type":"article","og_title":"Virginias Z\u00f9sto | Virginias","og_description":"Virginias Z\u00f9sto. El substitut del sucre.","og_url":"https:\/\/virginias.es\/ca\/virginias-zusto\/","og_site_name":"Virginias","article_publisher":"https:\/\/www.facebook.com\/Virginias.es\/","article_modified_time":"2024-11-19T11:36:40+00:00","og_image":[{"width":1200,"height":801,"url":"https:\/\/virginias.es\/wp-content\/uploads\/2024\/11\/Virginias-zusto-Bodegon-web.jpg","type":"image\/jpeg"}],"twitter_card":"summary_large_image","twitter_site":"@Es_Virginias","twitter_misc":{"Temps estimat de lectura":"2 minuts"},"schema":{"@context":"https:\/\/schema.org","@graph":[{"@type":"WebPage","@id":"https:\/\/virginias.es\/ca\/virginias-zusto\/","url":"https:\/\/virginias.es\/ca\/virginias-zusto\/","name":"Virginias Z\u00f9sto | Virginias","isPartOf":{"@id":"https:\/\/virginias.es\/ca\/#website"},"primaryImageOfPage":{"@id":"https:\/\/virginias.es\/ca\/virginias-zusto\/#primaryimage"},"image":{"@id":"https:\/\/virginias.es\/ca\/virginias-zusto\/#primaryimage"},"thumbnailUrl":"https:\/\/virginias.es\/wp-content\/uploads\/2024\/11\/Virginias-zusto-Bodegon-web.jpg","datePublished":"2024-11-07T11:31:53+00:00","dateModified":"2024-11-19T11:36:40+00:00","description":"Virginias Z\u00f9sto. El substitut del sucre.","breadcrumb":{"@id":"https:\/\/virginias.es\/ca\/virginias-zusto\/#breadcrumb"},"inLanguage":"ca","potentialAction":[{"@type":"ReadAction","target":["https:\/\/virginias.es\/ca\/virginias-zusto\/"]}]},{"@type":"ImageObject","inLanguage":"ca","@id":"https:\/\/virginias.es\/ca\/virginias-zusto\/#primaryimage","url":"https:\/\/virginias.es\/wp-content\/uploads\/2024\/11\/Virginias-zusto-Bodegon-web.jpg","contentUrl":"https:\/\/virginias.es\/wp-content\/uploads\/2024\/11\/Virginias-zusto-Bodegon-web.jpg"},{"@type":"BreadcrumbList","@id":"https:\/\/virginias.es\/ca\/virginias-zusto\/#breadcrumb","itemListElement":[{"@type":"ListItem","position":1,"name":"Portada","item":"https:\/\/virginias.es\/ca\/torrons-i-xocolates-virginias\/"},{"@type":"ListItem","position":2,"name":"Virginias Z\u00f9sto"}]},{"@type":"WebSite","@id":"https:\/\/virginias.es\/ca\/#website","url":"https:\/\/virginias.es\/ca\/","name":"Virginias","description":"Turrones, galletas y chocolates desde 1932","publisher":{"@id":"https:\/\/virginias.es\/ca\/#organization"},"potentialAction":[{"@type":"SearchAction","target":{"@type":"EntryPoint","urlTemplate":"https:\/\/virginias.es\/ca\/?s={search_term_string}"},"query-input":{"@type":"PropertyValueSpecification","valueRequired":true,"valueName":"search_term_string"}}],"inLanguage":"ca"},{"@type":"Organization","@id":"https:\/\/virginias.es\/ca\/#organization","name":"Turrones Virginias","url":"https:\/\/virginias.es\/ca\/","logo":{"@type":"ImageObject","inLanguage":"ca","@id":"https:\/\/virginias.es\/ca\/#\/schema\/logo\/image\/","url":"https:\/\/virginias.es\/wp-content\/uploads\/2019\/11\/logo-virginias-3_01.png","contentUrl":"https:\/\/virginias.es\/wp-content\/uploads\/2019\/11\/logo-virginias-3_01.png","width":1350,"height":344,"caption":"Turrones Virginias"},"image":{"@id":"https:\/\/virginias.es\/ca\/#\/schema\/logo\/image\/"},"sameAs":["https:\/\/www.facebook.com\/Virginias.es\/","https:\/\/x.com\/Es_Virginias","https:\/\/www.instagram.com\/virginias.es\/"]}]}},"_links":{"self":[{"href":"https:\/\/virginias.es\/ca\/wp-json\/wp\/v2\/pages\/33559","targetHints":{"allow":["GET"]}}],"collection":[{"href":"https:\/\/virginias.es\/ca\/wp-json\/wp\/v2\/pages"}],"about":[{"href":"https:\/\/virginias.es\/ca\/wp-json\/wp\/v2\/types\/page"}],"author":[{"embeddable":true,"href":"https:\/\/virginias.es\/ca\/wp-json\/wp\/v2\/users\/6"}],"replies":[{"embeddable":true,"href":"https:\/\/virginias.es\/ca\/wp-json\/wp\/v2\/comments?post=33559"}],"version-history":[{"count":5,"href":"https:\/\/virginias.es\/ca\/wp-json\/wp\/v2\/pages\/33559\/revisions"}],"predecessor-version":[{"id":33841,"href":"https:\/\/virginias.es\/ca\/wp-json\/wp\/v2\/pages\/33559\/revisions\/33841"}],"wp:attachment":[{"href":"https:\/\/virginias.es\/ca\/wp-json\/wp\/v2\/media?parent=33559"}],"curies":[{"name":"wp","href":"https:\/\/api.w.org\/{rel}","templated":true}]}}