{"id":29770,"date":"2023-06-16T09:47:03","date_gmt":"2023-06-16T09:47:03","guid":{"rendered":"https:\/\/virginias.es\/institucional\/"},"modified":"2023-06-16T09:47:03","modified_gmt":"2023-06-16T09:47:03","slug":"institucional","status":"publish","type":"page","link":"https:\/\/virginias.es\/ca\/institucional\/","title":{"rendered":"Institucional"},"content":{"rendered":"\t\t<div data-elementor-type=\"wp-page\" data-elementor-id=\"29770\" class=\"elementor elementor-29770\" data-elementor-post-type=\"page\">\n\t\t\t\t\t\t<section class=\"elementor-section elementor-top-section elementor-element elementor-element-185ef53 elementor-section-height-min-height elementor-section-boxed elementor-section-height-default elementor-section-items-middle\" data-id=\"185ef53\" data-element_type=\"section\" data-e-type=\"section\" data-settings=\"{&quot;background_background&quot;:&quot;classic&quot;,&quot;shape_divider_bottom&quot;:&quot;waves&quot;}\">\n\t\t\t\t\t\t\t<div class=\"elementor-background-overlay\"><\/div>\n\t\t\t\t\t\t<div class=\"elementor-shape elementor-shape-bottom\" aria-hidden=\"true\" data-negative=\"false\">\n\t\t\t<svg xmlns=\"http:\/\/www.w3.org\/2000\/svg\" viewBox=\"0 0 1000 100\" preserveAspectRatio=\"none\">\n\t<path class=\"elementor-shape-fill\" d=\"M421.9,6.5c22.6-2.5,51.5,0.4,75.5,5.3c23.6,4.9,70.9,23.5,100.5,35.7c75.8,32.2,133.7,44.5,192.6,49.7\n\tc23.6,2.1,48.7,3.5,103.4-2.5c54.7-6,106.2-25.6,106.2-25.6V0H0v30.3c0,0,72,32.6,158.4,30.5c39.2-0.7,92.8-6.7,134-22.4\n\tc21.2-8.1,52.2-18.2,79.7-24.2C399.3,7.9,411.6,7.5,421.9,6.5z\"\/>\n<\/svg>\t\t<\/div>\n\t\t\t\t\t<div class=\"elementor-container elementor-column-gap-default\">\n\t\t\t\t\t<div class=\"elementor-column elementor-col-100 elementor-top-column elementor-element elementor-element-cb6aeb5\" data-id=\"cb6aeb5\" data-element_type=\"column\" data-e-type=\"column\">\n\t\t\t<div class=\"elementor-widget-wrap elementor-element-populated\">\n\t\t\t\t\t\t<div class=\"elementor-element elementor-element-7c1dd75 elementor-widget elementor-widget-heading\" data-id=\"7c1dd75\" data-element_type=\"widget\" data-e-type=\"widget\" data-widget_type=\"heading.default\">\n\t\t\t\t<div class=\"elementor-widget-container\">\n\t\t\t\t\t<h1 class=\"elementor-heading-title elementor-size-default\">Institucional<\/h1>\t\t\t\t<\/div>\n\t\t\t\t<\/div>\n\t\t\t\t\t<\/div>\n\t\t<\/div>\n\t\t\t\t\t<\/div>\n\t\t<\/section>\n\t\t\t\t<section class=\"elementor-section elementor-top-section elementor-element elementor-element-1ed58ad elementor-section-boxed elementor-section-height-default elementor-section-height-default\" data-id=\"1ed58ad\" data-element_type=\"section\" data-e-type=\"section\" data-settings=\"{&quot;background_background&quot;:&quot;classic&quot;}\">\n\t\t\t\t\t\t<div class=\"elementor-container elementor-column-gap-default\">\n\t\t\t\t\t<div class=\"elementor-column elementor-col-100 elementor-top-column elementor-element elementor-element-15743ff\" data-id=\"15743ff\" data-element_type=\"column\" data-e-type=\"column\">\n\t\t\t<div class=\"elementor-widget-wrap elementor-element-populated\">\n\t\t\t\t\t\t<div class=\"elementor-element elementor-element-561a98b elementor-cta--layout-image-left elementor-cta--valign-middle elementor-cta--mobile-layout-image-above elementor-cta--skin-classic elementor-animated-content elementor-widget elementor-widget-call-to-action\" data-id=\"561a98b\" data-element_type=\"widget\" data-e-type=\"widget\" data-widget_type=\"call-to-action.default\">\n\t\t\t\t<div class=\"elementor-widget-container\">\n\t\t\t\t\t\t\t<div class=\"elementor-cta\">\n\t\t\t\t\t<div class=\"elementor-cta__bg-wrapper\">\n\t\t\t\t<div class=\"elementor-cta__bg elementor-bg\" style=\"background-image: url(https:\/\/virginias.es\/wp-content\/uploads\/2022\/03\/Captura-de-pantalla-2022-03-31-a-las-11.15.01-1-1024x729.png);\" role=\"img\" aria-label=\"Captura de pantalla 2022-03-31 a las 11.15.01\"><\/div>\n\t\t\t\t<div class=\"elementor-cta__bg-overlay\"><\/div>\n\t\t\t<\/div>\n\t\t\t\t\t\t\t<div class=\"elementor-cta__content\">\n\t\t\t\t\n\t\t\t\t\t\t\t\t\t<h2 class=\"elementor-cta__title elementor-cta__content-item elementor-content-item\">\n\t\t\t\t\t\tCat\u00e0leg Torrons Virginias 2022\t\t\t\t\t<\/h2>\n\t\t\t\t\n\t\t\t\t\t\t\t\t\t<div class=\"elementor-cta__description elementor-cta__content-item elementor-content-item\">\n\t\t\t\t\t\t<p>Tradici\u00f3, innovaci\u00f3 i qualitat <br \/>des del 1932<\/p>\n\t\t\t\t\t<\/div>\n\t\t\t\t\n\t\t\t\t\t\t\t\t\t<div class=\"elementor-cta__button-wrapper elementor-cta__content-item elementor-content-item \">\n\t\t\t\t\t<a class=\"elementor-cta__button elementor-button elementor-size-\" href=\"https:\/\/virginias.es\/wp-content\/uploads\/2022\/03\/Cata\u0301logo-Turrones-Virginias-2022.pdf\" target=\"_blank\">\n\t\t\t\t\t\tVeure cat\u00e0leg\t\t\t\t\t<\/a>\n\t\t\t\t\t<\/div>\n\t\t\t\t\t\t\t<\/div>\n\t\t\t\t\t\t<\/div>\n\t\t\t\t\t\t<\/div>\n\t\t\t\t<\/div>\n\t\t\t\t\t<\/div>\n\t\t<\/div>\n\t\t\t\t\t<\/div>\n\t\t<\/section>\n\t\t\t\t<section class=\"elementor-section elementor-top-section elementor-element elementor-element-82c7c7c elementor-section-boxed elementor-section-height-default elementor-section-height-default\" data-id=\"82c7c7c\" data-element_type=\"section\" data-e-type=\"section\" data-settings=\"{&quot;background_background&quot;:&quot;classic&quot;}\">\n\t\t\t\t\t\t<div class=\"elementor-container elementor-column-gap-default\">\n\t\t\t\t\t<div class=\"elementor-column elementor-col-100 elementor-top-column elementor-element elementor-element-b99c2fc\" data-id=\"b99c2fc\" data-element_type=\"column\" data-e-type=\"column\">\n\t\t\t<div class=\"elementor-widget-wrap elementor-element-populated\">\n\t\t\t\t\t\t<div class=\"elementor-element elementor-element-e38bc66 elementor-cta--layout-image-left elementor-cta--valign-middle elementor-cta--mobile-layout-image-above elementor-cta--skin-classic elementor-animated-content elementor-widget elementor-widget-call-to-action\" data-id=\"e38bc66\" data-element_type=\"widget\" data-e-type=\"widget\" data-widget_type=\"call-to-action.default\">\n\t\t\t\t<div class=\"elementor-widget-container\">\n\t\t\t\t\t\t\t<div class=\"elementor-cta\">\n\t\t\t\t\t<div class=\"elementor-cta__bg-wrapper\">\n\t\t\t\t<div class=\"elementor-cta__bg elementor-bg\" style=\"background-image: url(https:\/\/virginias.es\/wp-content\/uploads\/2022\/03\/Captura-de-pantalla-2022-03-31-a-las-11.19.15.png);\" role=\"img\" aria-label=\"Captura de pantalla 2022-03-31 a las 11.19.15\"><\/div>\n\t\t\t\t<div class=\"elementor-cta__bg-overlay\"><\/div>\n\t\t\t<\/div>\n\t\t\t\t\t\t\t<div class=\"elementor-cta__content\">\n\t\t\t\t\n\t\t\t\t\t\t\t\t\t<h2 class=\"elementor-cta__title elementor-cta__content-item elementor-content-item\">\n\t\t\t\t\t\tCat\u00e0leg Taller de Virginias 2022\t\t\t\t\t<\/h2>\n\t\t\t\t\n\t\t\t\t\t\t\t\t\t<div class=\"elementor-cta__description elementor-cta__content-item elementor-content-item\">\n\t\t\t\t\t\t<p>Agramunt, 1741<\/p>\n\t\t\t\t\t<\/div>\n\t\t\t\t\n\t\t\t\t\t\t\t\t\t<div class=\"elementor-cta__button-wrapper elementor-cta__content-item elementor-content-item \">\n\t\t\t\t\t<a class=\"elementor-cta__button elementor-button elementor-size-\" href=\"https:\/\/virginias.es\/wp-content\/uploads\/2022\/03\/Cata\u0301logo-Taller-de-Virginias-2022.pdf\" target=\"_blank\">\n\t\t\t\t\t\tVeure cat\u00e0leg\t\t\t\t\t<\/a>\n\t\t\t\t\t<\/div>\n\t\t\t\t\t\t\t<\/div>\n\t\t\t\t\t\t<\/div>\n\t\t\t\t\t\t<\/div>\n\t\t\t\t<\/div>\n\t\t\t\t\t<\/div>\n\t\t<\/div>\n\t\t\t\t\t<\/div>\n\t\t<\/section>\n\t\t\t\t<section class=\"elementor-section elementor-top-section elementor-element elementor-element-3297e81 elementor-section-boxed elementor-section-height-default elementor-section-height-default\" data-id=\"3297e81\" data-element_type=\"section\" data-e-type=\"section\" data-settings=\"{&quot;background_background&quot;:&quot;classic&quot;}\">\n\t\t\t\t\t\t<div class=\"elementor-container elementor-column-gap-default\">\n\t\t\t\t\t<div class=\"elementor-column elementor-col-100 elementor-top-column elementor-element elementor-element-270894e\" data-id=\"270894e\" data-element_type=\"column\" data-e-type=\"column\">\n\t\t\t<div class=\"elementor-widget-wrap elementor-element-populated\">\n\t\t\t\t\t\t<div class=\"elementor-element elementor-element-11026a0 elementor-cta--layout-image-left elementor-cta--valign-middle elementor-cta--mobile-layout-image-above elementor-cta--skin-classic elementor-animated-content elementor-widget elementor-widget-call-to-action\" data-id=\"11026a0\" data-element_type=\"widget\" data-e-type=\"widget\" data-widget_type=\"call-to-action.default\">\n\t\t\t\t<div class=\"elementor-widget-container\">\n\t\t\t\t\t\t\t<div class=\"elementor-cta\">\n\t\t\t\t\t<div class=\"elementor-cta__bg-wrapper\">\n\t\t\t\t<div class=\"elementor-cta__bg elementor-bg\" style=\"background-image: url(https:\/\/virginias.es\/wp-content\/uploads\/2022\/03\/Captura-de-pantalla-2022-03-31-a-las-11.13.35-768x548.png);\" role=\"img\" aria-label=\"Captura de pantalla 2022-03-31 a las 11.13.35\"><\/div>\n\t\t\t\t<div class=\"elementor-cta__bg-overlay\"><\/div>\n\t\t\t<\/div>\n\t\t\t\t\t\t\t<div class=\"elementor-cta__content\">\n\t\t\t\t\n\t\t\t\t\t\t\t\t\t<h2 class=\"elementor-cta__title elementor-cta__content-item elementor-content-item\">\n\t\t\t\t\t\tCat\u00e0leg Virginias Cacau\t\t\t\t\t<\/h2>\n\t\t\t\t\n\t\t\t\t\t\t\t\t\t<div class=\"elementor-cta__description elementor-cta__content-item elementor-content-item\">\n\t\t\t\t\t\t<p>Amants de la xocolata<br \/>Colecci\u00f3 2022<\/p>\n\t\t\t\t\t<\/div>\n\t\t\t\t\n\t\t\t\t\t\t\t\t\t<div class=\"elementor-cta__button-wrapper elementor-cta__content-item elementor-content-item \">\n\t\t\t\t\t<a class=\"elementor-cta__button elementor-button elementor-size-\" href=\"https:\/\/virginias.es\/wp-content\/uploads\/2022\/03\/Cata\u0301logo-Virginias-Cacao.pdf\" target=\"_blank\">\n\t\t\t\t\t\tVeure cat\u00e0leg\t\t\t\t\t<\/a>\n\t\t\t\t\t<\/div>\n\t\t\t\t\t\t\t<\/div>\n\t\t\t\t\t\t<\/div>\n\t\t\t\t\t\t<\/div>\n\t\t\t\t<\/div>\n\t\t\t\t\t<\/div>\n\t\t<\/div>\n\t\t\t\t\t<\/div>\n\t\t<\/section>\n\t\t\t\t<\/div>\n\t\t","protected":false},"excerpt":{"rendered":"<p>Institucional Cat\u00e0leg Torrons Virginias 2022 Tradici\u00f3, innovaci\u00f3 i qualitat des del 1932 Veure cat\u00e0leg Cat\u00e0leg Taller de Virginias 2022 Agramunt, 1741 Veure cat\u00e0leg Cat\u00e0leg Virginias Cacau Amants de la xocolataColecci\u00f3 2022 Veure cat\u00e0leg<\/p>\n","protected":false},"author":2,"featured_media":0,"parent":0,"menu_order":0,"comment_status":"closed","ping_status":"closed","template":"","meta":{"footnotes":""},"class_list":["post-29770","page","type-page","status-publish","hentry"],"yoast_head":"<!-- This site is optimized with the Yoast SEO plugin v27.3 - https:\/\/yoast.com\/product\/yoast-seo-wordpress\/ -->\n<title>Institucional | Virginias<\/title>\n<meta name=\"robots\" content=\"index, follow, max-snippet:-1, max-image-preview:large, max-video-preview:-1\" \/>\n<link rel=\"canonical\" href=\"https:\/\/virginias.es\/ca\/institucional\/\" \/>\n<meta property=\"og:locale\" content=\"ca_ES\" \/>\n<meta property=\"og:type\" content=\"article\" \/>\n<meta property=\"og:title\" content=\"Institucional | Virginias\" \/>\n<meta property=\"og:description\" content=\"Institucional Cat\u00e0leg Torrons Virginias 2022 Tradici\u00f3, innovaci\u00f3 i qualitat des del 1932 Veure cat\u00e0leg Cat\u00e0leg Taller de Virginias 2022 Agramunt, 1741 Veure cat\u00e0leg Cat\u00e0leg Virginias Cacau Amants de la xocolataColecci\u00f3 2022 Veure cat\u00e0leg\" \/>\n<meta property=\"og:url\" content=\"https:\/\/virginias.es\/ca\/institucional\/\" \/>\n<meta property=\"og:site_name\" content=\"Virginias\" \/>\n<meta property=\"article:publisher\" content=\"https:\/\/www.facebook.com\/Virginias.es\/\" \/>\n<meta name=\"twitter:card\" content=\"summary_large_image\" \/>\n<meta name=\"twitter:site\" content=\"@Es_Virginias\" \/>\n<script type=\"application\/ld+json\" class=\"yoast-schema-graph\">{\"@context\":\"https:\\\/\\\/schema.org\",\"@graph\":[{\"@type\":\"WebPage\",\"@id\":\"https:\\\/\\\/virginias.es\\\/ca\\\/institucional\\\/\",\"url\":\"https:\\\/\\\/virginias.es\\\/ca\\\/institucional\\\/\",\"name\":\"Institucional | Virginias\",\"isPartOf\":{\"@id\":\"https:\\\/\\\/virginias.es\\\/ca\\\/#website\"},\"datePublished\":\"2023-06-16T09:47:03+00:00\",\"breadcrumb\":{\"@id\":\"https:\\\/\\\/virginias.es\\\/ca\\\/institucional\\\/#breadcrumb\"},\"inLanguage\":\"ca\",\"potentialAction\":[{\"@type\":\"ReadAction\",\"target\":[\"https:\\\/\\\/virginias.es\\\/ca\\\/institucional\\\/\"]}]},{\"@type\":\"BreadcrumbList\",\"@id\":\"https:\\\/\\\/virginias.es\\\/ca\\\/institucional\\\/#breadcrumb\",\"itemListElement\":[{\"@type\":\"ListItem\",\"position\":1,\"name\":\"Portada\",\"item\":\"https:\\\/\\\/virginias.es\\\/ca\\\/torrons-i-xocolates-virginias\\\/\"},{\"@type\":\"ListItem\",\"position\":2,\"name\":\"Institucional\"}]},{\"@type\":\"WebSite\",\"@id\":\"https:\\\/\\\/virginias.es\\\/ca\\\/#website\",\"url\":\"https:\\\/\\\/virginias.es\\\/ca\\\/\",\"name\":\"Virginias\",\"description\":\"Turrones, galletas y chocolates desde 1932\",\"publisher\":{\"@id\":\"https:\\\/\\\/virginias.es\\\/ca\\\/#organization\"},\"potentialAction\":[{\"@type\":\"SearchAction\",\"target\":{\"@type\":\"EntryPoint\",\"urlTemplate\":\"https:\\\/\\\/virginias.es\\\/ca\\\/?s={search_term_string}\"},\"query-input\":{\"@type\":\"PropertyValueSpecification\",\"valueRequired\":true,\"valueName\":\"search_term_string\"}}],\"inLanguage\":\"ca\"},{\"@type\":\"Organization\",\"@id\":\"https:\\\/\\\/virginias.es\\\/ca\\\/#organization\",\"name\":\"Turrones Virginias\",\"url\":\"https:\\\/\\\/virginias.es\\\/ca\\\/\",\"logo\":{\"@type\":\"ImageObject\",\"inLanguage\":\"ca\",\"@id\":\"https:\\\/\\\/virginias.es\\\/ca\\\/#\\\/schema\\\/logo\\\/image\\\/\",\"url\":\"https:\\\/\\\/virginias.es\\\/wp-content\\\/uploads\\\/2019\\\/11\\\/logo-virginias-3_01.png\",\"contentUrl\":\"https:\\\/\\\/virginias.es\\\/wp-content\\\/uploads\\\/2019\\\/11\\\/logo-virginias-3_01.png\",\"width\":1350,\"height\":344,\"caption\":\"Turrones Virginias\"},\"image\":{\"@id\":\"https:\\\/\\\/virginias.es\\\/ca\\\/#\\\/schema\\\/logo\\\/image\\\/\"},\"sameAs\":[\"https:\\\/\\\/www.facebook.com\\\/Virginias.es\\\/\",\"https:\\\/\\\/x.com\\\/Es_Virginias\",\"https:\\\/\\\/www.instagram.com\\\/virginias.es\\\/\"]}]}<\/script>\n<!-- \/ Yoast SEO plugin. -->","yoast_head_json":{"title":"Institucional | Virginias","robots":{"index":"index","follow":"follow","max-snippet":"max-snippet:-1","max-image-preview":"max-image-preview:large","max-video-preview":"max-video-preview:-1"},"canonical":"https:\/\/virginias.es\/ca\/institucional\/","og_locale":"ca_ES","og_type":"article","og_title":"Institucional | Virginias","og_description":"Institucional Cat\u00e0leg Torrons Virginias 2022 Tradici\u00f3, innovaci\u00f3 i qualitat des del 1932 Veure cat\u00e0leg Cat\u00e0leg Taller de Virginias 2022 Agramunt, 1741 Veure cat\u00e0leg Cat\u00e0leg Virginias Cacau Amants de la xocolataColecci\u00f3 2022 Veure cat\u00e0leg","og_url":"https:\/\/virginias.es\/ca\/institucional\/","og_site_name":"Virginias","article_publisher":"https:\/\/www.facebook.com\/Virginias.es\/","twitter_card":"summary_large_image","twitter_site":"@Es_Virginias","schema":{"@context":"https:\/\/schema.org","@graph":[{"@type":"WebPage","@id":"https:\/\/virginias.es\/ca\/institucional\/","url":"https:\/\/virginias.es\/ca\/institucional\/","name":"Institucional | Virginias","isPartOf":{"@id":"https:\/\/virginias.es\/ca\/#website"},"datePublished":"2023-06-16T09:47:03+00:00","breadcrumb":{"@id":"https:\/\/virginias.es\/ca\/institucional\/#breadcrumb"},"inLanguage":"ca","potentialAction":[{"@type":"ReadAction","target":["https:\/\/virginias.es\/ca\/institucional\/"]}]},{"@type":"BreadcrumbList","@id":"https:\/\/virginias.es\/ca\/institucional\/#breadcrumb","itemListElement":[{"@type":"ListItem","position":1,"name":"Portada","item":"https:\/\/virginias.es\/ca\/torrons-i-xocolates-virginias\/"},{"@type":"ListItem","position":2,"name":"Institucional"}]},{"@type":"WebSite","@id":"https:\/\/virginias.es\/ca\/#website","url":"https:\/\/virginias.es\/ca\/","name":"Virginias","description":"Turrones, galletas y chocolates desde 1932","publisher":{"@id":"https:\/\/virginias.es\/ca\/#organization"},"potentialAction":[{"@type":"SearchAction","target":{"@type":"EntryPoint","urlTemplate":"https:\/\/virginias.es\/ca\/?s={search_term_string}"},"query-input":{"@type":"PropertyValueSpecification","valueRequired":true,"valueName":"search_term_string"}}],"inLanguage":"ca"},{"@type":"Organization","@id":"https:\/\/virginias.es\/ca\/#organization","name":"Turrones Virginias","url":"https:\/\/virginias.es\/ca\/","logo":{"@type":"ImageObject","inLanguage":"ca","@id":"https:\/\/virginias.es\/ca\/#\/schema\/logo\/image\/","url":"https:\/\/virginias.es\/wp-content\/uploads\/2019\/11\/logo-virginias-3_01.png","contentUrl":"https:\/\/virginias.es\/wp-content\/uploads\/2019\/11\/logo-virginias-3_01.png","width":1350,"height":344,"caption":"Turrones Virginias"},"image":{"@id":"https:\/\/virginias.es\/ca\/#\/schema\/logo\/image\/"},"sameAs":["https:\/\/www.facebook.com\/Virginias.es\/","https:\/\/x.com\/Es_Virginias","https:\/\/www.instagram.com\/virginias.es\/"]}]}},"_links":{"self":[{"href":"https:\/\/virginias.es\/ca\/wp-json\/wp\/v2\/pages\/29770","targetHints":{"allow":["GET"]}}],"collection":[{"href":"https:\/\/virginias.es\/ca\/wp-json\/wp\/v2\/pages"}],"about":[{"href":"https:\/\/virginias.es\/ca\/wp-json\/wp\/v2\/types\/page"}],"author":[{"embeddable":true,"href":"https:\/\/virginias.es\/ca\/wp-json\/wp\/v2\/users\/2"}],"replies":[{"embeddable":true,"href":"https:\/\/virginias.es\/ca\/wp-json\/wp\/v2\/comments?post=29770"}],"version-history":[{"count":1,"href":"https:\/\/virginias.es\/ca\/wp-json\/wp\/v2\/pages\/29770\/revisions"}],"predecessor-version":[{"id":29771,"href":"https:\/\/virginias.es\/ca\/wp-json\/wp\/v2\/pages\/29770\/revisions\/29771"}],"wp:attachment":[{"href":"https:\/\/virginias.es\/ca\/wp-json\/wp\/v2\/media?parent=29770"}],"curies":[{"name":"wp","href":"https:\/\/api.w.org\/{rel}","templated":true}]}}