{"id":29672,"date":"2023-06-15T08:53:10","date_gmt":"2023-06-15T08:53:10","guid":{"rendered":"https:\/\/virginias.es\/politica-de-cookies\/"},"modified":"2023-06-15T08:53:11","modified_gmt":"2023-06-15T08:53:11","slug":"politica-de-cookies","status":"publish","type":"page","link":"https:\/\/virginias.es\/ca\/politica-de-cookies\/","title":{"rendered":"Pol\u00edtica de cookies"},"content":{"rendered":"\t\t<div data-elementor-type=\"wp-page\" data-elementor-id=\"29672\" class=\"elementor elementor-29672 elementor-6590\" data-elementor-post-type=\"page\">\n\t\t\t\t\t\t<section class=\"elementor-section elementor-top-section elementor-element elementor-element-5d81cf1a elementor-section-height-min-height elementor-section-boxed elementor-section-height-default elementor-section-items-middle\" data-id=\"5d81cf1a\" data-element_type=\"section\" data-e-type=\"section\" data-settings=\"{&quot;background_background&quot;:&quot;classic&quot;}\">\n\t\t\t\t\t\t\t<div class=\"elementor-background-overlay\"><\/div>\n\t\t\t\t\t\t\t<div class=\"elementor-container elementor-column-gap-default\">\n\t\t\t\t\t<div class=\"elementor-column elementor-col-100 elementor-top-column elementor-element elementor-element-6d935bb3\" data-id=\"6d935bb3\" data-element_type=\"column\" data-e-type=\"column\">\n\t\t\t<div class=\"elementor-widget-wrap\">\n\t\t\t\t\t\t\t<\/div>\n\t\t<\/div>\n\t\t\t\t\t<\/div>\n\t\t<\/section>\n\t\t\t\t<section class=\"elementor-section elementor-top-section elementor-element elementor-element-2fba8faf elementor-section-boxed elementor-section-height-default elementor-section-height-default\" data-id=\"2fba8faf\" data-element_type=\"section\" data-e-type=\"section\">\n\t\t\t\t\t\t<div class=\"elementor-container elementor-column-gap-default\">\n\t\t\t\t\t<div class=\"elementor-column elementor-col-100 elementor-top-column elementor-element elementor-element-69b87ae4\" data-id=\"69b87ae4\" data-element_type=\"column\" data-e-type=\"column\" data-settings=\"{&quot;background_background&quot;:&quot;classic&quot;}\">\n\t\t\t<div class=\"elementor-widget-wrap elementor-element-populated\">\n\t\t\t\t\t\t<div class=\"elementor-element elementor-element-2b049e71 elementor-widget elementor-widget-theme-post-title elementor-page-title elementor-widget-heading\" data-id=\"2b049e71\" data-element_type=\"widget\" data-e-type=\"widget\" data-widget_type=\"theme-post-title.default\">\n\t\t\t\t<div class=\"elementor-widget-container\">\n\t\t\t\t\t<h1 class=\"elementor-heading-title elementor-size-default\">Pol\u00edtica de cookies<\/h1>\t\t\t\t<\/div>\n\t\t\t\t<\/div>\n\t\t\t\t<div class=\"elementor-element elementor-element-224ff8e4 elementor-widget elementor-widget-text-editor\" data-id=\"224ff8e4\" data-element_type=\"widget\" data-e-type=\"widget\" data-widget_type=\"text-editor.default\">\n\t\t\t\t<div class=\"elementor-widget-container\">\n\t\t\t\t\t\t\t\t\t<h4><strong>Concepte de Cookies<\/strong><\/h4>\n<p>Les cookies s\u00f3n una eina utilitzada pels servidors web per emmagatzemar i recuperar informaci\u00f3 sobre els visitants o els usuaris.<\/p>\n<p>No \u00e9s m\u00e9s que un fitxer de text que alguns servidors instal\u00b7len durant la navegaci\u00f3 i que permet con\u00e8ixer informaci\u00f3 com: el lloc des del qual s\u2019hi accedeix, el temps de connexi\u00f3, el dispositiu des del qual s\u2019hi accedeix (fix o m\u00f2bil), el sistema operatiu i el navegador utilitzats, les p\u00e0gines m\u00e9s visitades, el nombre de clics realitzats i dades sobre el comportament de l\u2019usuari a Internet.<\/p>\n<p>No proporcionen refer\u00e8ncies que permetin deduir el nom i els cognoms de l\u2019usuari, ni poden llegir dades del disc dur ni incloure virus al vostre equip.<\/p>\n<p>Aix\u00ed mateix, no poden llegir les cookies implantades al disc dur de l\u2019usuari des d\u2019altres servidors.<\/p>\n<h4><strong>Per qu\u00e8 s\u00f3n importants?<\/strong><\/h4>\n<p>Es pot accedir al lloc web sense que les cookies estiguin activades, si b\u00e9 la desactivaci\u00f3 de les cookies pot impedir el funcionament correcte del lloc.<\/p>\n<p>Des d\u2019un punt de vista t\u00e8cnic, les cookies permeten que els llocs web funcionin de manera m\u00e9s \u00e0gil i adaptada a les prefer\u00e8ncies dels usuaris; per exemple, emmagatzemen informaci\u00f3 sobre l\u2019idioma i la moneda del pa\u00eds i detecten el dispositiu d\u2019acc\u00e9s.<\/p>\n<p>Estableixen nivells de protecci\u00f3 i seguretat que impedeixen o dificulten ciberatacs contra el lloc web o els seus usuaris.<\/p>\n<p>Permeten que els gestors dels mitjans coneguin dades estad\u00edstiques recopilades per millorar la qualitat i l\u2019experi\u00e8ncia dels seus serveis.<\/p>\n<p>Serveixen per optimitzar la publicitat que mostrem als usuaris i ofereixen la que m\u00e9s s\u2019ajusta als seus interessos.<\/p>\n<h4><strong>Autoritzaci\u00f3 per a l&#8217;\u00fas de cookies<\/strong><\/h4>\n<p>En el lloc web apareix un av\u00eds de cookies que l\u2019usuari o visitant pot acceptar; en cas que ho faci, consent expressament l\u2019\u00fas de les cookies.<\/p>\n<p>L\u2019usuari pot configurar el seu navegador per rebutjar per defecte totes les cookies o per rebre un av\u00eds a la pantalla sobre la recepci\u00f3 de cada cookie i decidir si la instal\u00b7la o no al seu disc dur.<\/p>\n<h4><strong>Configuraci\u00f3 del navegador<\/strong><\/h4>\n<p>El Taller Artesanal de Virginias, SLU recorda als usuaris que l\u2019\u00fas de cookies pot estar subjecte a la seva acceptaci\u00f3 durant la instal\u00b7laci\u00f3 o l\u2019actualitzaci\u00f3 del navegador utilitzat.<\/p>\n<p>Aquesta acceptaci\u00f3 pot ser revocada mitjan\u00e7ant les opcions de configuraci\u00f3 de continguts i privacitat, disponibles en el navegador. El titular recomana als usuaris que consultin l\u2019ajuda del seu navegador o accedeixin a les p\u00e0gines web d\u2019ajuda dels principals navegadors: Firefox, Internet Explorer, Safari,Chrome.<\/p>\n<p>Si voleu m\u00e9s informaci\u00f3 sobre com revocar el consentiment donat o sobre el procediment per deshabilitar les cookies, o b\u00e9 fer alguna pregunta sobre la pol\u00edtica de cookies, podeu contactar amb el titular a trav\u00e9s d\u2019un correu electr\u00f2nic a <a href=\"mailto:virginias@virginias.net\">virginias@virginias.net<\/a>en qu\u00e8 heu d\u2019indicar \u201cPol\u00edtica de Cookies\u201d en l\u2019assumpte.<\/p>\n<h4><strong>Tipus de Cookies que s&#8217;utilitzen a la Web<\/strong><strong> <\/strong><\/h4>\n<p>L\u2019usuari que navega per la web pot trobar-hi cookies inserides directament pel titular o b\u00e9 cookies inserides per entitats diferents del titular, segons el que es detalla en els apartats seg\u00fcents: <\/p>\n<ul>\n<li><strong>Cookies de sessi\u00f3<\/strong>, expiren quan l\u2019usuari abandona la p\u00e0gina o tanca el navegador, \u00e9s a dir, estan actives mentre dura la visita al lloc web i, per tant, s\u00f3n esborrades del l\u2019ordinador quan s\u2019abandona.<\/li>\n<li><strong>Cookies permanents<\/strong> ,expiren quan es compleix l\u2019objectiu per al qual serveixen o b\u00e9 quan s\u2019eliminen manualment; tenen data d\u2019eliminaci\u00f3 i s\u2019utilitzen, normalment, en els processos de compra en l\u00ednia, en personalitzacions o en el registre, perqu\u00e8 no s\u2019hagi d\u2019introduir una contrasenya constantment. Depenent de l\u2019entitat que gestiona l\u2019equip o del domini des d\u2019on s\u2019envien les cookies i que tracta les dades que s\u2019obtenen, es poden distingir les cookies pr\u00f2pies i de les de tercers.<\/li>\n<li><strong>Cookies pr\u00f2pies<\/strong> s\u00f3n enviades a l\u2019ordinador de l\u2019usuari i les gestionem exclusivament a fi de garantir el millor funcionament possible del lloc web. La informaci\u00f3 que obtenim s\u2019utilitza per millorar la qualitat del servei i l\u2019experi\u00e8ncia de l\u2019usuari.<\/li>\n<li><strong>Cookies de tercers<\/strong> ,quan l\u2019usuari interactua amb el contingut del nostre lloc web tamb\u00e9 es poden establir cookies de tercers (per exemple, en pr\u00e9mer botons de xarxes socials o visionar v\u00eddeos allotjats en un altre lloc web), que s\u00f3n les que estableix un domini diferent del nostre lloc web. No podem accedir a les dades emmagatzemades en les cookies d\u2019altres llocs web quan l\u2019usuari navega en els llocs web esmentats.<\/li>\n<\/ul>\n<p>Navegar per aquest portal web comporta la possibilitat que s\u2019instal\u00b7lin els seg\u00fcents tipus de cookies:<\/p>\n\t\t\t\t\t\t\t\t<\/div>\n\t\t\t\t<\/div>\n\t\t\t\t<div class=\"elementor-element elementor-element-912284d elementor-widget elementor-widget-image\" data-id=\"912284d\" data-element_type=\"widget\" data-e-type=\"widget\" data-widget_type=\"image.default\">\n\t\t\t\t<div class=\"elementor-widget-container\">\n\t\t\t\t\t\t\t\t\t\t\t\t\t\t\t<img fetchpriority=\"high\" decoding=\"async\" width=\"804\" height=\"1116\" src=\"https:\/\/virginias.es\/wp-content\/uploads\/2020\/02\/cookies-virginias.jpg\" class=\"attachment-full size-full wp-image-28646\" alt=\"\" srcset=\"https:\/\/virginias.es\/wp-content\/uploads\/2020\/02\/cookies-virginias.jpg 804w, https:\/\/virginias.es\/wp-content\/uploads\/2020\/02\/cookies-virginias-216x300.jpg 216w, https:\/\/virginias.es\/wp-content\/uploads\/2020\/02\/cookies-virginias-738x1024.jpg 738w, https:\/\/virginias.es\/wp-content\/uploads\/2020\/02\/cookies-virginias-768x1066.jpg 768w, https:\/\/virginias.es\/wp-content\/uploads\/2020\/02\/cookies-virginias-600x833.jpg 600w\" sizes=\"(max-width: 804px) 100vw, 804px\" \/>\t\t\t\t\t\t\t\t\t\t\t\t\t\t\t<\/div>\n\t\t\t\t<\/div>\n\t\t\t\t\t<\/div>\n\t\t<\/div>\n\t\t\t\t\t<\/div>\n\t\t<\/section>\n\t\t\t\t<\/div>\n\t\t","protected":false},"excerpt":{"rendered":"<p>Concepte de Cookies Les cookies s\u00f3n una eina utilitzada pels servidors web per emmagatzemar i recuperar informaci\u00f3 sobre els visitants o els usuaris. No \u00e9s m\u00e9s que un fitxer de text que alguns servidors instal\u00b7len durant la navegaci\u00f3 i que permet con\u00e8ixer informaci\u00f3 com: el lloc des del qual s\u2019hi accedeix, el temps de connexi\u00f3, [&hellip;]<\/p>\n","protected":false},"author":2,"featured_media":0,"parent":0,"menu_order":0,"comment_status":"closed","ping_status":"closed","template":"elementor_header_footer","meta":{"footnotes":""},"class_list":["post-29672","page","type-page","status-publish","hentry"],"yoast_head":"<!-- This site is optimized with the Yoast SEO plugin v27.2 - https:\/\/yoast.com\/product\/yoast-seo-wordpress\/ -->\n<title>Pol\u00edtica de cookies | Virginias<\/title>\n<meta name=\"robots\" content=\"noindex, nofollow\" \/>\n<meta property=\"og:locale\" content=\"ca_ES\" \/>\n<meta property=\"og:type\" content=\"article\" \/>\n<meta property=\"og:title\" content=\"Pol\u00edtica de cookies | Virginias\" \/>\n<meta property=\"og:description\" content=\"Concepte de Cookies Les cookies s\u00f3n una eina utilitzada pels servidors web per emmagatzemar i recuperar informaci\u00f3 sobre els visitants o els usuaris. No \u00e9s m\u00e9s que un fitxer de text que alguns servidors instal\u00b7len durant la navegaci\u00f3 i que permet con\u00e8ixer informaci\u00f3 com: el lloc des del qual s\u2019hi accedeix, el temps de connexi\u00f3, [&hellip;]\" \/>\n<meta property=\"og:url\" content=\"https:\/\/virginias.es\/ca\/politica-de-cookies\/\" \/>\n<meta property=\"og:site_name\" content=\"Virginias\" \/>\n<meta property=\"article:publisher\" content=\"https:\/\/www.facebook.com\/Virginias.es\/\" \/>\n<meta property=\"article:modified_time\" content=\"2023-06-15T08:53:11+00:00\" \/>\n<meta property=\"og:image\" content=\"https:\/\/virginias.es\/wp-content\/uploads\/2020\/02\/cookies-virginias.jpg\" \/>\n<meta name=\"twitter:card\" content=\"summary_large_image\" \/>\n<meta name=\"twitter:site\" content=\"@Es_Virginias\" \/>\n<meta name=\"twitter:label1\" content=\"Temps estimat de lectura\" \/>\n\t<meta name=\"twitter:data1\" content=\"4 minuts\" \/>\n<script type=\"application\/ld+json\" class=\"yoast-schema-graph\">{\"@context\":\"https:\/\/schema.org\",\"@graph\":[{\"@type\":\"WebPage\",\"@id\":\"https:\/\/virginias.es\/ca\/politica-de-cookies\/\",\"url\":\"https:\/\/virginias.es\/ca\/politica-de-cookies\/\",\"name\":\"Pol\u00edtica de cookies | Virginias\",\"isPartOf\":{\"@id\":\"https:\/\/virginias.es\/ca\/#website\"},\"primaryImageOfPage\":{\"@id\":\"https:\/\/virginias.es\/ca\/politica-de-cookies\/#primaryimage\"},\"image\":{\"@id\":\"https:\/\/virginias.es\/ca\/politica-de-cookies\/#primaryimage\"},\"thumbnailUrl\":\"https:\/\/virginias.es\/wp-content\/uploads\/2020\/02\/cookies-virginias.jpg\",\"datePublished\":\"2023-06-15T08:53:10+00:00\",\"dateModified\":\"2023-06-15T08:53:11+00:00\",\"breadcrumb\":{\"@id\":\"https:\/\/virginias.es\/ca\/politica-de-cookies\/#breadcrumb\"},\"inLanguage\":\"ca\",\"potentialAction\":[{\"@type\":\"ReadAction\",\"target\":[\"https:\/\/virginias.es\/ca\/politica-de-cookies\/\"]}]},{\"@type\":\"ImageObject\",\"inLanguage\":\"ca\",\"@id\":\"https:\/\/virginias.es\/ca\/politica-de-cookies\/#primaryimage\",\"url\":\"https:\/\/virginias.es\/wp-content\/uploads\/2020\/02\/cookies-virginias.jpg\",\"contentUrl\":\"https:\/\/virginias.es\/wp-content\/uploads\/2020\/02\/cookies-virginias.jpg\"},{\"@type\":\"BreadcrumbList\",\"@id\":\"https:\/\/virginias.es\/ca\/politica-de-cookies\/#breadcrumb\",\"itemListElement\":[{\"@type\":\"ListItem\",\"position\":1,\"name\":\"Portada\",\"item\":\"https:\/\/virginias.es\/ca\/torrons-i-xocolates-virginias\/\"},{\"@type\":\"ListItem\",\"position\":2,\"name\":\"Pol\u00edtica de cookies\"}]},{\"@type\":\"WebSite\",\"@id\":\"https:\/\/virginias.es\/ca\/#website\",\"url\":\"https:\/\/virginias.es\/ca\/\",\"name\":\"Virginias\",\"description\":\"Turrones, galletas y chocolates desde 1932\",\"publisher\":{\"@id\":\"https:\/\/virginias.es\/ca\/#organization\"},\"potentialAction\":[{\"@type\":\"SearchAction\",\"target\":{\"@type\":\"EntryPoint\",\"urlTemplate\":\"https:\/\/virginias.es\/ca\/?s={search_term_string}\"},\"query-input\":{\"@type\":\"PropertyValueSpecification\",\"valueRequired\":true,\"valueName\":\"search_term_string\"}}],\"inLanguage\":\"ca\"},{\"@type\":\"Organization\",\"@id\":\"https:\/\/virginias.es\/ca\/#organization\",\"name\":\"Turrones Virginias\",\"url\":\"https:\/\/virginias.es\/ca\/\",\"logo\":{\"@type\":\"ImageObject\",\"inLanguage\":\"ca\",\"@id\":\"https:\/\/virginias.es\/ca\/#\/schema\/logo\/image\/\",\"url\":\"https:\/\/virginias.es\/wp-content\/uploads\/2019\/11\/logo-virginias-3_01.png\",\"contentUrl\":\"https:\/\/virginias.es\/wp-content\/uploads\/2019\/11\/logo-virginias-3_01.png\",\"width\":1350,\"height\":344,\"caption\":\"Turrones Virginias\"},\"image\":{\"@id\":\"https:\/\/virginias.es\/ca\/#\/schema\/logo\/image\/\"},\"sameAs\":[\"https:\/\/www.facebook.com\/Virginias.es\/\",\"https:\/\/x.com\/Es_Virginias\",\"https:\/\/www.instagram.com\/virginias.es\/\"]}]}<\/script>\n<!-- \/ Yoast SEO plugin. -->","yoast_head_json":{"title":"Pol\u00edtica de cookies | Virginias","robots":{"index":"noindex","follow":"nofollow"},"og_locale":"ca_ES","og_type":"article","og_title":"Pol\u00edtica de cookies | Virginias","og_description":"Concepte de Cookies Les cookies s\u00f3n una eina utilitzada pels servidors web per emmagatzemar i recuperar informaci\u00f3 sobre els visitants o els usuaris. No \u00e9s m\u00e9s que un fitxer de text que alguns servidors instal\u00b7len durant la navegaci\u00f3 i que permet con\u00e8ixer informaci\u00f3 com: el lloc des del qual s\u2019hi accedeix, el temps de connexi\u00f3, [&hellip;]","og_url":"https:\/\/virginias.es\/ca\/politica-de-cookies\/","og_site_name":"Virginias","article_publisher":"https:\/\/www.facebook.com\/Virginias.es\/","article_modified_time":"2023-06-15T08:53:11+00:00","og_image":[{"url":"https:\/\/virginias.es\/wp-content\/uploads\/2020\/02\/cookies-virginias.jpg","type":"","width":"","height":""}],"twitter_card":"summary_large_image","twitter_site":"@Es_Virginias","twitter_misc":{"Temps estimat de lectura":"4 minuts"},"schema":{"@context":"https:\/\/schema.org","@graph":[{"@type":"WebPage","@id":"https:\/\/virginias.es\/ca\/politica-de-cookies\/","url":"https:\/\/virginias.es\/ca\/politica-de-cookies\/","name":"Pol\u00edtica de cookies | Virginias","isPartOf":{"@id":"https:\/\/virginias.es\/ca\/#website"},"primaryImageOfPage":{"@id":"https:\/\/virginias.es\/ca\/politica-de-cookies\/#primaryimage"},"image":{"@id":"https:\/\/virginias.es\/ca\/politica-de-cookies\/#primaryimage"},"thumbnailUrl":"https:\/\/virginias.es\/wp-content\/uploads\/2020\/02\/cookies-virginias.jpg","datePublished":"2023-06-15T08:53:10+00:00","dateModified":"2023-06-15T08:53:11+00:00","breadcrumb":{"@id":"https:\/\/virginias.es\/ca\/politica-de-cookies\/#breadcrumb"},"inLanguage":"ca","potentialAction":[{"@type":"ReadAction","target":["https:\/\/virginias.es\/ca\/politica-de-cookies\/"]}]},{"@type":"ImageObject","inLanguage":"ca","@id":"https:\/\/virginias.es\/ca\/politica-de-cookies\/#primaryimage","url":"https:\/\/virginias.es\/wp-content\/uploads\/2020\/02\/cookies-virginias.jpg","contentUrl":"https:\/\/virginias.es\/wp-content\/uploads\/2020\/02\/cookies-virginias.jpg"},{"@type":"BreadcrumbList","@id":"https:\/\/virginias.es\/ca\/politica-de-cookies\/#breadcrumb","itemListElement":[{"@type":"ListItem","position":1,"name":"Portada","item":"https:\/\/virginias.es\/ca\/torrons-i-xocolates-virginias\/"},{"@type":"ListItem","position":2,"name":"Pol\u00edtica de cookies"}]},{"@type":"WebSite","@id":"https:\/\/virginias.es\/ca\/#website","url":"https:\/\/virginias.es\/ca\/","name":"Virginias","description":"Turrones, galletas y chocolates desde 1932","publisher":{"@id":"https:\/\/virginias.es\/ca\/#organization"},"potentialAction":[{"@type":"SearchAction","target":{"@type":"EntryPoint","urlTemplate":"https:\/\/virginias.es\/ca\/?s={search_term_string}"},"query-input":{"@type":"PropertyValueSpecification","valueRequired":true,"valueName":"search_term_string"}}],"inLanguage":"ca"},{"@type":"Organization","@id":"https:\/\/virginias.es\/ca\/#organization","name":"Turrones Virginias","url":"https:\/\/virginias.es\/ca\/","logo":{"@type":"ImageObject","inLanguage":"ca","@id":"https:\/\/virginias.es\/ca\/#\/schema\/logo\/image\/","url":"https:\/\/virginias.es\/wp-content\/uploads\/2019\/11\/logo-virginias-3_01.png","contentUrl":"https:\/\/virginias.es\/wp-content\/uploads\/2019\/11\/logo-virginias-3_01.png","width":1350,"height":344,"caption":"Turrones Virginias"},"image":{"@id":"https:\/\/virginias.es\/ca\/#\/schema\/logo\/image\/"},"sameAs":["https:\/\/www.facebook.com\/Virginias.es\/","https:\/\/x.com\/Es_Virginias","https:\/\/www.instagram.com\/virginias.es\/"]}]}},"_links":{"self":[{"href":"https:\/\/virginias.es\/ca\/wp-json\/wp\/v2\/pages\/29672","targetHints":{"allow":["GET"]}}],"collection":[{"href":"https:\/\/virginias.es\/ca\/wp-json\/wp\/v2\/pages"}],"about":[{"href":"https:\/\/virginias.es\/ca\/wp-json\/wp\/v2\/types\/page"}],"author":[{"embeddable":true,"href":"https:\/\/virginias.es\/ca\/wp-json\/wp\/v2\/users\/2"}],"replies":[{"embeddable":true,"href":"https:\/\/virginias.es\/ca\/wp-json\/wp\/v2\/comments?post=29672"}],"version-history":[{"count":1,"href":"https:\/\/virginias.es\/ca\/wp-json\/wp\/v2\/pages\/29672\/revisions"}],"predecessor-version":[{"id":29673,"href":"https:\/\/virginias.es\/ca\/wp-json\/wp\/v2\/pages\/29672\/revisions\/29673"}],"wp:attachment":[{"href":"https:\/\/virginias.es\/ca\/wp-json\/wp\/v2\/media?parent=29672"}],"curies":[{"name":"wp","href":"https:\/\/api.w.org\/{rel}","templated":true}]}}