{"id":29670,"date":"2023-06-15T08:41:19","date_gmt":"2023-06-15T08:41:19","guid":{"rendered":"https:\/\/virginias.es\/politica-de-privacitat\/"},"modified":"2023-06-15T08:41:20","modified_gmt":"2023-06-15T08:41:20","slug":"politica-de-privacitat","status":"publish","type":"page","link":"https:\/\/virginias.es\/ca\/politica-de-privacitat\/","title":{"rendered":"Pol\u00edtica de privacitat"},"content":{"rendered":"\t\t<div data-elementor-type=\"wp-page\" data-elementor-id=\"29670\" class=\"elementor elementor-29670 elementor-6578\" data-elementor-post-type=\"page\">\n\t\t\t\t\t\t<section class=\"elementor-section elementor-top-section elementor-element elementor-element-7418a1e3 elementor-section-height-min-height elementor-section-boxed elementor-section-height-default elementor-section-items-middle\" data-id=\"7418a1e3\" data-element_type=\"section\" data-e-type=\"section\" data-settings=\"{&quot;background_background&quot;:&quot;classic&quot;}\">\n\t\t\t\t\t\t\t<div class=\"elementor-background-overlay\"><\/div>\n\t\t\t\t\t\t\t<div class=\"elementor-container elementor-column-gap-default\">\n\t\t\t\t\t<div class=\"elementor-column elementor-col-100 elementor-top-column elementor-element elementor-element-3cde5100\" data-id=\"3cde5100\" data-element_type=\"column\" data-e-type=\"column\">\n\t\t\t<div class=\"elementor-widget-wrap\">\n\t\t\t\t\t\t\t<\/div>\n\t\t<\/div>\n\t\t\t\t\t<\/div>\n\t\t<\/section>\n\t\t\t\t<section class=\"elementor-section elementor-top-section elementor-element elementor-element-5bdab97d elementor-section-boxed elementor-section-height-default elementor-section-height-default\" data-id=\"5bdab97d\" data-element_type=\"section\" data-e-type=\"section\">\n\t\t\t\t\t\t<div class=\"elementor-container elementor-column-gap-default\">\n\t\t\t\t\t<div class=\"elementor-column elementor-col-100 elementor-top-column elementor-element elementor-element-25f07873\" data-id=\"25f07873\" data-element_type=\"column\" data-e-type=\"column\" data-settings=\"{&quot;background_background&quot;:&quot;classic&quot;}\">\n\t\t\t<div class=\"elementor-widget-wrap elementor-element-populated\">\n\t\t\t\t\t\t<div class=\"elementor-element elementor-element-35e48f5a elementor-widget elementor-widget-theme-post-title elementor-page-title elementor-widget-heading\" data-id=\"35e48f5a\" data-element_type=\"widget\" data-e-type=\"widget\" data-widget_type=\"theme-post-title.default\">\n\t\t\t\t<div class=\"elementor-widget-container\">\n\t\t\t\t\t<h1 class=\"elementor-heading-title elementor-size-default\">Pol\u00edtica de privacitat<\/h1>\t\t\t\t<\/div>\n\t\t\t\t<\/div>\n\t\t\t\t<div class=\"elementor-element elementor-element-4ad1a118 elementor-widget elementor-widget-text-editor\" data-id=\"4ad1a118\" data-element_type=\"widget\" data-e-type=\"widget\" data-widget_type=\"text-editor.default\">\n\t\t\t\t<div class=\"elementor-widget-container\">\n\t\t\t\t\t\t\t\t\t<p><strong>El Taller Artesanal de Virginias, SLU, amb CIF B25859521 i domicili a AV. AGUST\u00cd ROS, 2-BAIXOS, AGRAMUNT (LLEIDA), ESPANYA, 25310, \u00e9s titular del lloc web i responsable del tractament de les dades de car\u00e0cter personal que els usuaris subministren a trav\u00e9s d\u2019aquest lloc web.<\/strong><\/p>\n<p>El Taller Artesanal de Virginias, SLU informa els usuaris d\u2019aquest lloc web de la seva pol\u00edtica quant al tractament i la protecci\u00f3 de les dades de car\u00e0cter personal dels usuaris i els clients que puguin ser obtingudes per la navegaci\u00f3 i l\u2019\u00fas d\u2019aquest lloc web.<\/p>\n<p>La finalitat d\u2019aquest document \u00e9s informar els usuaris de l\u2019\u00fas que donem a les seves dades personals, la manera com s\u2019obtenen, les finalitats a les quals es destinen i els drets que els assisteixen, aix\u00ed com de tota la informaci\u00f3 necess\u00e0ria establerta per la normativa vigent.<\/p>\n<p>En utilitzar aquest lloc web, entenem que heu llegit i compr\u00e8s la informaci\u00f3 que cont\u00e9 en relaci\u00f3 amb el tractament de les vostres dades de car\u00e0cter personal.<\/p>\n<p>El nostre principal objectiu \u00e9s tractar les dades personals de manera l\u00edcita, lleial i transparent.<\/p>\n\t\t\t\t\t\t\t\t<\/div>\n\t\t\t\t<\/div>\n\t\t\t\t<div class=\"elementor-element elementor-element-af1279b elementor-widget elementor-widget-text-editor\" data-id=\"af1279b\" data-element_type=\"widget\" data-e-type=\"widget\" data-widget_type=\"text-editor.default\">\n\t\t\t\t<div class=\"elementor-widget-container\">\n\t\t\t\t\t\t\t\t\t<h4><strong>Dades obtingudes, finalitat i licitud<\/strong><\/h4>\n<p>Les dades de car\u00e0cter personal tractades s\u00f3n les que aporten els usuaris a trav\u00e9s dels formularis disponibles en aquest lloc web i s\u00f3n les m\u00ednimes exigibles perqu\u00e8 puguem enviar-vos informaci\u00f3 sobre els nostres productes\/serveis, fer comandes i elaborar les factures corresponents, informar-vos sobre l\u2019estat de les comandes, atendre reclamacions i qualsevol altra gesti\u00f3 derivada de la prestaci\u00f3 del servei realitzat a trav\u00e9s d\u2019aquest lloc web.<\/p>\n<p><span style=\"letter-spacing: 0.3px;\">Aquestes finalitats es basen en principis legals de tractament de les dades recollides per la normativa vigent: per executar un contracte o prestar un servei als usuaris i per complir obligacions legals, per l\u2019inter\u00e8s leg\u00edtim dels usuaris i amb el seu consentiment.<\/span><\/p>\n<h4><strong>Dades obtingudes per a la sol\u00b7licitud d&#8217;informaci\u00f3 a trav\u00e9s del formulari web.<\/strong><strong> <\/strong><\/h4>\n<p>Les dades personals obtingudes a trav\u00e9s del formulari web per a la petici\u00f3 d\u2019informaci\u00f3 tenen com a finalitat l\u2019enviament d\u2019informaci\u00f3 comercial sobre els nostres productes i serveis.<\/p>\n<p>El tractament de les dades, en aquest cas concret, \u00e9s legitimat pel consentiment expr\u00e9s que ens doneu en acceptar l\u2019enviament de la informaci\u00f3 aportada a trav\u00e9s del formulari.<\/p>\n<p>Les dades personals obtingudes en el <strong>formulari de comandes<\/strong> tenen la finalitat de gestionar correctament les comandes.<\/p>\n<h4><strong>Operaciones que es duen a terme amb les dades personals<\/strong><strong> <\/strong><\/h4>\n<p>Les dades de car\u00e0cter personal s\u00f3n registrades a trav\u00e9s de la web i conservades en suports electr\u00f2nics controlats i supervisats pel responsable del tractament. Els suports disposen de les mesures t\u00e8cniques i organitzatives necess\u00e0ries per garantir la deguda confidencialitat en el tractament de les dades.<\/p>\n<p>El personal implicat en les operacions de tractament de dades \u2014acc\u00e9s, edici\u00f3, eliminaci\u00f3, etc.\u2014 est\u00e0 capacitat per dur-les a terme i format i comprom\u00e8s amb la nostra pol\u00edtica de protecci\u00f3 de dades.<\/p>\n<h4><strong>Conservaci\u00f3 de les dades<\/strong><\/h4>\n<p>Les dades de car\u00e0cter personal es conservaran el temps que sigui necessari per poder atendre la finalitat o les finalitats per a les quals van ser recollides.<\/p>\n<p>Aix\u00ed doncs, mantindrem la vostra informaci\u00f3 personal mentre mantingueu una relaci\u00f3 contractual i\/o comercial amb nosaltres o mentre no exerciu el dret de supressi\u00f3, cancel\u00b7laci\u00f3 i\/o limitaci\u00f3 del tractament de les vostres dades.<\/p>\n<p>En aquests casos, mantindrem la informaci\u00f3 degudament bloquejada, sense donar-hi cap \u00fas, mentre pugui ser necess\u00e0ria per exercir o defensar reclamacions o pugui derivar-se algun tipus de responsabilitat judicial, legal o contractual del seu tractament que hagi de ser atesa i requereixi recuperar-la.<\/p>\n<h4><strong>Protecci\u00f3 dels menors<\/strong><\/h4>\n<p>Aquesta p\u00e0gina web no s\u2019adre\u00e7a a usuaris menors d\u2019edat. Si sou menor d\u2019edat, no intenteu registrar-vos com a usuari. Si descobrim que, per error, hem obtingut informaci\u00f3 personal d\u2019un menor, eliminarem aquesta informaci\u00f3 al m\u00e9s aviat possible.<\/p>\n<h4><strong>Destinataris de les vostres dades personals<\/strong><\/h4>\n<p>Les vostres dades personals no seran comunicades a tercers, llevat que la comunicaci\u00f3 de dades sigui emparada per una obligaci\u00f3 legal o quan, per a la correcta prestaci\u00f3 del servei o l\u2019execuci\u00f3 del contracte, s\u2019hagin de comunicar a tercers per efectuar el pagament (passarel\u00b7les de pagament), o gestionar lliuraments de productes (transportistes). Aquesta cessi\u00f3 de dades \u00e9s emparada per les necessitats del servei. Pagament mitjan\u00e7ant altres passarel\u00b7les de pagament: recomanem a l\u2019usuari que llegeixi la pol\u00edtica de privacitat per entendre com gestiona la informaci\u00f3 personal, per exemple:<\/p>\n<p>Redsys Servicios de Procesamiento, SL (Redsys), amb domicili a Madrid, carrer Francisco<br \/>Sancha, n\u00famero 12, amb CIF n\u00famero B-85955367, que compleix \u00edntegrament la legislaci\u00f3 vigent en mat\u00e8ria de protecci\u00f3 de dades de car\u00e0cter personal i els compromisos de confidencialitat propis de la seva activitat. Redsys ha adoptat les mesures t\u00e8cniques necess\u00e0ries per mantenir el nivell de seguretat requerit. Podeu veure la seva pol\u00edtica de privacitat a https:www.redsys.es\/lega1\/20180223_politica_de_privacidad_web_publica_redsys.pdf<\/p>\n<p>PayPal (Europa) S.\u00e0.r.l. et Cie, S.C.A. (RCS, Luxembourg B 118 349), que t\u00e9 una pol\u00edtica de privacitat<br \/>estableix les mesures de seguretat adequades per al correcte tractament de les dades personals dels usuaris. Podeu veure\u2019n la pol\u00edtica de privacitat a https:\/\/www.paypal.com\/es\/webapps\/mpp\/ua\/privacy-full?locale.x=es_ES#1 <\/p>\n<p>Per als casos en qu\u00e8 la comunicaci\u00f3 de dades a tercers no sigui emparada per les bases legals establertes en l\u2019apartat anterior, les dades nom\u00e9s es comunicaran a altres destinataris si l\u2019usuari hi ha donat el seu consentiment expr\u00e9s.<\/p>\n<p>El Taller Artesanal de Virginias, SLU mant\u00e9 uns criteris estrictes de selecci\u00f3 d\u2019encarregats de tractament i es compromet contractualment amb cadascun a complir i fer complir les obligacions establertes en mat\u00e8ria de protecci\u00f3 de dades.<\/p>\n<h4><strong>Exercici dels drets<\/strong><\/h4>\n<p>D\u2019acord amb els drets que confereix la normativa vigent en mat\u00e8ria de protecci\u00f3 de dades de car\u00e0cter personal, l\u2019usuari pot exercir els drets a accedir a les dades i a rectificar-les, limitar-ne el tractament i suprimir-les, aix\u00ed com a la portabilitat i a l\u2019oposici\u00f3 al tractament, dirigint la seva petici\u00f3 a l\u2019adre\u00e7a postal indicada o a l\u2019adre\u00e7a electr\u00f2nica virginias@virginias.net.<\/p>\n\t\t\t\t\t\t\t\t<\/div>\n\t\t\t\t<\/div>\n\t\t\t\t\t<\/div>\n\t\t<\/div>\n\t\t\t\t\t<\/div>\n\t\t<\/section>\n\t\t\t\t<\/div>\n\t\t","protected":false},"excerpt":{"rendered":"<p>El Taller Artesanal de Virginias, SLU, amb CIF B25859521 i domicili a AV. AGUST\u00cd ROS, 2-BAIXOS, AGRAMUNT (LLEIDA), ESPANYA, 25310, \u00e9s titular del lloc web i responsable del tractament de les dades de car\u00e0cter personal que els usuaris subministren a trav\u00e9s d\u2019aquest lloc web. El Taller Artesanal de Virginias, SLU informa els usuaris d\u2019aquest lloc [&hellip;]<\/p>\n","protected":false},"author":2,"featured_media":0,"parent":0,"menu_order":0,"comment_status":"closed","ping_status":"closed","template":"elementor_header_footer","meta":{"footnotes":""},"class_list":["post-29670","page","type-page","status-publish","hentry"],"yoast_head":"<!-- This site is optimized with the Yoast SEO plugin v27.4 - https:\/\/yoast.com\/product\/yoast-seo-wordpress\/ -->\n<title>Pol\u00edtica de privacitat | Virginias<\/title>\n<meta name=\"robots\" content=\"noindex, nofollow\" \/>\n<meta property=\"og:locale\" content=\"ca_ES\" \/>\n<meta property=\"og:type\" content=\"article\" \/>\n<meta property=\"og:title\" content=\"Pol\u00edtica de privacitat | Virginias\" \/>\n<meta property=\"og:description\" content=\"El Taller Artesanal de Virginias, SLU, amb CIF B25859521 i domicili a AV. AGUST\u00cd ROS, 2-BAIXOS, AGRAMUNT (LLEIDA), ESPANYA, 25310, \u00e9s titular del lloc web i responsable del tractament de les dades de car\u00e0cter personal que els usuaris subministren a trav\u00e9s d\u2019aquest lloc web. El Taller Artesanal de Virginias, SLU informa els usuaris d\u2019aquest lloc [&hellip;]\" \/>\n<meta property=\"og:url\" content=\"https:\/\/virginias.es\/ca\/politica-de-privacitat\/\" \/>\n<meta property=\"og:site_name\" content=\"Virginias\" \/>\n<meta property=\"article:publisher\" content=\"https:\/\/www.facebook.com\/Virginias.es\/\" \/>\n<meta property=\"article:modified_time\" content=\"2023-06-15T08:41:20+00:00\" \/>\n<meta name=\"twitter:card\" content=\"summary_large_image\" \/>\n<meta name=\"twitter:site\" content=\"@Es_Virginias\" \/>\n<meta name=\"twitter:label1\" content=\"Temps estimat de lectura\" \/>\n\t<meta name=\"twitter:data1\" content=\"5 minuts\" \/>\n<script type=\"application\/ld+json\" class=\"yoast-schema-graph\">{\"@context\":\"https:\\\/\\\/schema.org\",\"@graph\":[{\"@type\":\"WebPage\",\"@id\":\"https:\\\/\\\/virginias.es\\\/ca\\\/politica-de-privacitat\\\/\",\"url\":\"https:\\\/\\\/virginias.es\\\/ca\\\/politica-de-privacitat\\\/\",\"name\":\"Pol\u00edtica de privacitat | Virginias\",\"isPartOf\":{\"@id\":\"https:\\\/\\\/virginias.es\\\/ca\\\/#website\"},\"datePublished\":\"2023-06-15T08:41:19+00:00\",\"dateModified\":\"2023-06-15T08:41:20+00:00\",\"breadcrumb\":{\"@id\":\"https:\\\/\\\/virginias.es\\\/ca\\\/politica-de-privacitat\\\/#breadcrumb\"},\"inLanguage\":\"ca\",\"potentialAction\":[{\"@type\":\"ReadAction\",\"target\":[\"https:\\\/\\\/virginias.es\\\/ca\\\/politica-de-privacitat\\\/\"]}]},{\"@type\":\"BreadcrumbList\",\"@id\":\"https:\\\/\\\/virginias.es\\\/ca\\\/politica-de-privacitat\\\/#breadcrumb\",\"itemListElement\":[{\"@type\":\"ListItem\",\"position\":1,\"name\":\"Portada\",\"item\":\"https:\\\/\\\/virginias.es\\\/ca\\\/torrons-i-xocolates-virginias\\\/\"},{\"@type\":\"ListItem\",\"position\":2,\"name\":\"Pol\u00edtica de privacitat\"}]},{\"@type\":\"WebSite\",\"@id\":\"https:\\\/\\\/virginias.es\\\/ca\\\/#website\",\"url\":\"https:\\\/\\\/virginias.es\\\/ca\\\/\",\"name\":\"Virginias\",\"description\":\"Turrones, galletas y chocolates desde 1932\",\"publisher\":{\"@id\":\"https:\\\/\\\/virginias.es\\\/ca\\\/#organization\"},\"potentialAction\":[{\"@type\":\"SearchAction\",\"target\":{\"@type\":\"EntryPoint\",\"urlTemplate\":\"https:\\\/\\\/virginias.es\\\/ca\\\/?s={search_term_string}\"},\"query-input\":{\"@type\":\"PropertyValueSpecification\",\"valueRequired\":true,\"valueName\":\"search_term_string\"}}],\"inLanguage\":\"ca\"},{\"@type\":\"Organization\",\"@id\":\"https:\\\/\\\/virginias.es\\\/ca\\\/#organization\",\"name\":\"Turrones Virginias\",\"url\":\"https:\\\/\\\/virginias.es\\\/ca\\\/\",\"logo\":{\"@type\":\"ImageObject\",\"inLanguage\":\"ca\",\"@id\":\"https:\\\/\\\/virginias.es\\\/ca\\\/#\\\/schema\\\/logo\\\/image\\\/\",\"url\":\"https:\\\/\\\/virginias.es\\\/wp-content\\\/uploads\\\/2019\\\/11\\\/logo-virginias-3_01.png\",\"contentUrl\":\"https:\\\/\\\/virginias.es\\\/wp-content\\\/uploads\\\/2019\\\/11\\\/logo-virginias-3_01.png\",\"width\":1350,\"height\":344,\"caption\":\"Turrones Virginias\"},\"image\":{\"@id\":\"https:\\\/\\\/virginias.es\\\/ca\\\/#\\\/schema\\\/logo\\\/image\\\/\"},\"sameAs\":[\"https:\\\/\\\/www.facebook.com\\\/Virginias.es\\\/\",\"https:\\\/\\\/x.com\\\/Es_Virginias\",\"https:\\\/\\\/www.instagram.com\\\/virginias.es\\\/\"]}]}<\/script>\n<!-- \/ Yoast SEO plugin. -->","yoast_head_json":{"title":"Pol\u00edtica de privacitat | Virginias","robots":{"index":"noindex","follow":"nofollow"},"og_locale":"ca_ES","og_type":"article","og_title":"Pol\u00edtica de privacitat | Virginias","og_description":"El Taller Artesanal de Virginias, SLU, amb CIF B25859521 i domicili a AV. AGUST\u00cd ROS, 2-BAIXOS, AGRAMUNT (LLEIDA), ESPANYA, 25310, \u00e9s titular del lloc web i responsable del tractament de les dades de car\u00e0cter personal que els usuaris subministren a trav\u00e9s d\u2019aquest lloc web. El Taller Artesanal de Virginias, SLU informa els usuaris d\u2019aquest lloc [&hellip;]","og_url":"https:\/\/virginias.es\/ca\/politica-de-privacitat\/","og_site_name":"Virginias","article_publisher":"https:\/\/www.facebook.com\/Virginias.es\/","article_modified_time":"2023-06-15T08:41:20+00:00","twitter_card":"summary_large_image","twitter_site":"@Es_Virginias","twitter_misc":{"Temps estimat de lectura":"5 minuts"},"schema":{"@context":"https:\/\/schema.org","@graph":[{"@type":"WebPage","@id":"https:\/\/virginias.es\/ca\/politica-de-privacitat\/","url":"https:\/\/virginias.es\/ca\/politica-de-privacitat\/","name":"Pol\u00edtica de privacitat | Virginias","isPartOf":{"@id":"https:\/\/virginias.es\/ca\/#website"},"datePublished":"2023-06-15T08:41:19+00:00","dateModified":"2023-06-15T08:41:20+00:00","breadcrumb":{"@id":"https:\/\/virginias.es\/ca\/politica-de-privacitat\/#breadcrumb"},"inLanguage":"ca","potentialAction":[{"@type":"ReadAction","target":["https:\/\/virginias.es\/ca\/politica-de-privacitat\/"]}]},{"@type":"BreadcrumbList","@id":"https:\/\/virginias.es\/ca\/politica-de-privacitat\/#breadcrumb","itemListElement":[{"@type":"ListItem","position":1,"name":"Portada","item":"https:\/\/virginias.es\/ca\/torrons-i-xocolates-virginias\/"},{"@type":"ListItem","position":2,"name":"Pol\u00edtica de privacitat"}]},{"@type":"WebSite","@id":"https:\/\/virginias.es\/ca\/#website","url":"https:\/\/virginias.es\/ca\/","name":"Virginias","description":"Turrones, galletas y chocolates desde 1932","publisher":{"@id":"https:\/\/virginias.es\/ca\/#organization"},"potentialAction":[{"@type":"SearchAction","target":{"@type":"EntryPoint","urlTemplate":"https:\/\/virginias.es\/ca\/?s={search_term_string}"},"query-input":{"@type":"PropertyValueSpecification","valueRequired":true,"valueName":"search_term_string"}}],"inLanguage":"ca"},{"@type":"Organization","@id":"https:\/\/virginias.es\/ca\/#organization","name":"Turrones Virginias","url":"https:\/\/virginias.es\/ca\/","logo":{"@type":"ImageObject","inLanguage":"ca","@id":"https:\/\/virginias.es\/ca\/#\/schema\/logo\/image\/","url":"https:\/\/virginias.es\/wp-content\/uploads\/2019\/11\/logo-virginias-3_01.png","contentUrl":"https:\/\/virginias.es\/wp-content\/uploads\/2019\/11\/logo-virginias-3_01.png","width":1350,"height":344,"caption":"Turrones Virginias"},"image":{"@id":"https:\/\/virginias.es\/ca\/#\/schema\/logo\/image\/"},"sameAs":["https:\/\/www.facebook.com\/Virginias.es\/","https:\/\/x.com\/Es_Virginias","https:\/\/www.instagram.com\/virginias.es\/"]}]}},"_links":{"self":[{"href":"https:\/\/virginias.es\/ca\/wp-json\/wp\/v2\/pages\/29670","targetHints":{"allow":["GET"]}}],"collection":[{"href":"https:\/\/virginias.es\/ca\/wp-json\/wp\/v2\/pages"}],"about":[{"href":"https:\/\/virginias.es\/ca\/wp-json\/wp\/v2\/types\/page"}],"author":[{"embeddable":true,"href":"https:\/\/virginias.es\/ca\/wp-json\/wp\/v2\/users\/2"}],"replies":[{"embeddable":true,"href":"https:\/\/virginias.es\/ca\/wp-json\/wp\/v2\/comments?post=29670"}],"version-history":[{"count":1,"href":"https:\/\/virginias.es\/ca\/wp-json\/wp\/v2\/pages\/29670\/revisions"}],"predecessor-version":[{"id":29671,"href":"https:\/\/virginias.es\/ca\/wp-json\/wp\/v2\/pages\/29670\/revisions\/29671"}],"wp:attachment":[{"href":"https:\/\/virginias.es\/ca\/wp-json\/wp\/v2\/media?parent=29670"}],"curies":[{"name":"wp","href":"https:\/\/api.w.org\/{rel}","templated":true}]}}