{"id":29665,"date":"2023-06-14T09:43:29","date_gmt":"2023-06-14T09:43:29","guid":{"rendered":"https:\/\/virginias.es\/qui-som\/"},"modified":"2025-11-24T11:49:56","modified_gmt":"2025-11-24T11:49:56","slug":"qui-som","status":"publish","type":"page","link":"https:\/\/virginias.es\/ca\/qui-som\/","title":{"rendered":"Qui som?"},"content":{"rendered":"\t\t<div data-elementor-type=\"wp-page\" data-elementor-id=\"29665\" class=\"elementor elementor-29665 elementor-24041\" data-elementor-post-type=\"page\">\n\t\t\t\t\t\t<section class=\"elementor-section elementor-top-section elementor-element elementor-element-666709c elementor-section-boxed elementor-section-height-default elementor-section-height-default\" data-id=\"666709c\" data-element_type=\"section\" data-e-type=\"section\">\n\t\t\t\t\t\t<div class=\"elementor-container elementor-column-gap-default\">\n\t\t\t\t\t<div class=\"elementor-column elementor-col-100 elementor-top-column elementor-element elementor-element-3cffa3d\" data-id=\"3cffa3d\" data-element_type=\"column\" data-e-type=\"column\">\n\t\t\t<div class=\"elementor-widget-wrap\">\n\t\t\t\t\t\t\t<\/div>\n\t\t<\/div>\n\t\t\t\t\t<\/div>\n\t\t<\/section>\n\t\t\t\t<section class=\"elementor-section elementor-top-section elementor-element elementor-element-e6c795f elementor-section-boxed elementor-section-height-default elementor-section-height-default\" data-id=\"e6c795f\" data-element_type=\"section\" data-e-type=\"section\">\n\t\t\t\t\t\t<div class=\"elementor-container elementor-column-gap-default\">\n\t\t\t\t\t<div class=\"elementor-column elementor-col-100 elementor-top-column elementor-element elementor-element-31f3171\" data-id=\"31f3171\" data-element_type=\"column\" data-e-type=\"column\">\n\t\t\t<div class=\"elementor-widget-wrap elementor-element-populated\">\n\t\t\t\t\t\t<div class=\"elementor-element elementor-element-61cd7d7 elementor-widget elementor-widget-heading\" data-id=\"61cd7d7\" data-element_type=\"widget\" data-e-type=\"widget\" data-widget_type=\"heading.default\">\n\t\t\t\t<div class=\"elementor-widget-container\">\n\t\t\t\t\t<h2 class=\"elementor-heading-title elementor-size-default\">Qui som?\n<\/h2>\t\t\t\t<\/div>\n\t\t\t\t<\/div>\n\t\t\t\t<div class=\"elementor-element elementor-element-4b4e258 elementor-widget elementor-widget-text-editor\" data-id=\"4b4e258\" data-element_type=\"widget\" data-e-type=\"widget\" data-widget_type=\"text-editor.default\">\n\t\t\t\t<div class=\"elementor-widget-container\">\n\t\t\t\t\t\t\t\t\t<p>Assaboreix la vida al teu gust<\/p>\t\t\t\t\t\t\t\t<\/div>\n\t\t\t\t<\/div>\n\t\t\t\t<div class=\"elementor-element elementor-element-33deba3 elementor-widget-divider--view-line elementor-widget elementor-widget-divider\" data-id=\"33deba3\" data-element_type=\"widget\" data-e-type=\"widget\" data-widget_type=\"divider.default\">\n\t\t\t\t<div class=\"elementor-widget-container\">\n\t\t\t\t\t\t\t<div class=\"elementor-divider\">\n\t\t\t<span class=\"elementor-divider-separator\">\n\t\t\t\t\t\t<\/span>\n\t\t<\/div>\n\t\t\t\t\t\t<\/div>\n\t\t\t\t<\/div>\n\t\t\t\t\t<\/div>\n\t\t<\/div>\n\t\t\t\t\t<\/div>\n\t\t<\/section>\n\t\t\t\t<section class=\"elementor-section elementor-top-section elementor-element elementor-element-686dc0d elementor-section-boxed elementor-section-height-default elementor-section-height-default\" data-id=\"686dc0d\" data-element_type=\"section\" data-e-type=\"section\">\n\t\t\t\t\t\t<div class=\"elementor-container elementor-column-gap-default\">\n\t\t\t\t\t<div class=\"elementor-column elementor-col-100 elementor-top-column elementor-element elementor-element-90589dc\" data-id=\"90589dc\" data-element_type=\"column\" data-e-type=\"column\" data-settings=\"{&quot;background_background&quot;:&quot;classic&quot;}\">\n\t\t\t<div class=\"elementor-widget-wrap elementor-element-populated\">\n\t\t\t\t\t\t<section class=\"elementor-section elementor-inner-section elementor-element elementor-element-d9a6d5f elementor-section-boxed elementor-section-height-default elementor-section-height-default\" data-id=\"d9a6d5f\" data-element_type=\"section\" data-e-type=\"section\">\n\t\t\t\t\t\t<div class=\"elementor-container elementor-column-gap-default\">\n\t\t\t\t\t<div class=\"elementor-column elementor-col-100 elementor-inner-column elementor-element elementor-element-5ffd6fa\" data-id=\"5ffd6fa\" data-element_type=\"column\" data-e-type=\"column\">\n\t\t\t<div class=\"elementor-widget-wrap elementor-element-populated\">\n\t\t\t\t\t\t<div class=\"elementor-element elementor-element-67df85a elementor-widget elementor-widget-text-editor\" data-id=\"67df85a\" data-element_type=\"widget\" data-e-type=\"widget\" data-widget_type=\"text-editor.default\">\n\t\t\t\t<div class=\"elementor-widget-container\">\n\t\t\t\t\t\t\t\t\t<p>La hist\u00f2ria de Virginias comen\u00e7a el 1932, a Reus, on s\u2019elaboraven galetes, torrons i xocolates per a tota la regi\u00f3 de Tarragona. Avui dia, Virginias compta amb un portafolis de productes amb pres\u00e8ncia al mercat a escala estatal.<\/p><p>Amb una llarga traject\u00f2ria i sent referents en productes sense sucres afegits, ens agrada destacar per la fusi\u00f3 entre sabor, qualitat i innovaci\u00f3. La cura en la selecci\u00f3 dels ingredients \u00e9s el secret de les nostres receptes irresistibles, amb sabors que converteixen cada mossegada en una experi\u00e8ncia inoblidable.<\/p><p>El nostre objectiu \u00e9s treballar cada dia per millorar i garantir l\u2019excel\u00b7l\u00e8ncia en tots els nostres productes.<\/p><p>Avui, la uni\u00f3 de Virginias i Borges enforteix encara m\u00e9s el nostre comprom\u00eds. Aquesta col\u00b7laboraci\u00f3 uneix el coneixement i el bon saber fer de dues marques l\u00edders: Virginias, especialista en torrons, i Borges, referent en fruits secs. Junts, oferim propostes delicioses i saludables, pensades per a qui busca gaudir cuidant-se.<\/p><p>Seguim evolucionant per respondre a les noves demandes de qualitat i benestar, sense renunciar mai al plaer d\u2019assaborir la vida al teu gust.<\/p>\t\t\t\t\t\t\t\t<\/div>\n\t\t\t\t<\/div>\n\t\t\t\t\t<\/div>\n\t\t<\/div>\n\t\t\t\t\t<\/div>\n\t\t<\/section>\n\t\t\t\t<div class=\"elementor-element elementor-element-fd6dd74 elementor-widget elementor-widget-image\" data-id=\"fd6dd74\" data-element_type=\"widget\" data-e-type=\"widget\" data-widget_type=\"image.default\">\n\t\t\t\t<div class=\"elementor-widget-container\">\n\t\t\t\t\t\t\t\t\t\t\t\t\t\t\t<img fetchpriority=\"high\" decoding=\"async\" width=\"800\" height=\"534\" src=\"https:\/\/virginias.es\/wp-content\/uploads\/2022\/01\/tienda-taller-virginias-1024x684.jpg\" class=\"attachment-large size-large wp-image-29300\" alt=\"\" srcset=\"https:\/\/virginias.es\/wp-content\/uploads\/2022\/01\/tienda-taller-virginias-1024x684.jpg 1024w, https:\/\/virginias.es\/wp-content\/uploads\/2022\/01\/tienda-taller-virginias-300x200.jpg 300w, https:\/\/virginias.es\/wp-content\/uploads\/2022\/01\/tienda-taller-virginias-768x513.jpg 768w, https:\/\/virginias.es\/wp-content\/uploads\/2022\/01\/tienda-taller-virginias-600x401.jpg 600w, https:\/\/virginias.es\/wp-content\/uploads\/2022\/01\/tienda-taller-virginias.jpg 1200w\" sizes=\"(max-width: 800px) 100vw, 800px\" \/>\t\t\t\t\t\t\t\t\t\t\t\t\t\t\t<\/div>\n\t\t\t\t<\/div>\n\t\t\t\t\t<\/div>\n\t\t<\/div>\n\t\t\t\t\t<\/div>\n\t\t<\/section>\n\t\t\t\t<\/div>\n\t\t","protected":false},"excerpt":{"rendered":"<p>Qui som? Assaboreix la vida al teu gust La hist\u00f2ria de Virginias comen\u00e7a el 1932, a Reus, on s\u2019elaboraven galetes, torrons i xocolates per a tota la regi\u00f3 de Tarragona. Avui dia, Virginias compta amb un portafolis de productes amb pres\u00e8ncia al mercat a escala estatal. Amb una llarga traject\u00f2ria i sent referents en productes [&hellip;]<\/p>\n","protected":false},"author":6,"featured_media":0,"parent":0,"menu_order":0,"comment_status":"closed","ping_status":"closed","template":"elementor_header_footer","meta":{"footnotes":""},"class_list":["post-29665","page","type-page","status-publish","hentry"],"yoast_head":"<!-- This site is optimized with the Yoast SEO plugin v27.3 - https:\/\/yoast.com\/product\/yoast-seo-wordpress\/ -->\n<title>Virginias Cacao | Amantes del chocolate, cuida y trabaja el chocolate<\/title>\n<meta name=\"description\" content=\"Virginias Cacao, Amantes del chocolate, Virginias ha destacado siempre por c\u00f3mo cuida y trabaja el chocolate\" \/>\n<meta name=\"robots\" content=\"index, follow, max-snippet:-1, max-image-preview:large, max-video-preview:-1\" \/>\n<link rel=\"canonical\" href=\"https:\/\/virginias.es\/ca\/qui-som\/\" \/>\n<meta property=\"og:locale\" content=\"ca_ES\" \/>\n<meta property=\"og:type\" content=\"article\" \/>\n<meta property=\"og:title\" content=\"Virginias Cacao | Amantes del chocolate, cuida y trabaja el chocolate\" \/>\n<meta property=\"og:description\" content=\"Virginias Cacao, Amantes del chocolate, Virginias ha destacado siempre por c\u00f3mo cuida y trabaja el chocolate\" \/>\n<meta property=\"og:url\" content=\"https:\/\/virginias.es\/ca\/qui-som\/\" \/>\n<meta property=\"og:site_name\" content=\"Virginias\" \/>\n<meta property=\"article:publisher\" content=\"https:\/\/www.facebook.com\/Virginias.es\/\" \/>\n<meta property=\"article:modified_time\" content=\"2025-11-24T11:49:56+00:00\" \/>\n<meta property=\"og:image\" content=\"https:\/\/virginias.es\/wp-content\/uploads\/2022\/01\/tienda-taller-virginias.jpg\" \/>\n\t<meta property=\"og:image:width\" content=\"1200\" \/>\n\t<meta property=\"og:image:height\" content=\"801\" \/>\n\t<meta property=\"og:image:type\" content=\"image\/jpeg\" \/>\n<meta name=\"twitter:card\" content=\"summary_large_image\" \/>\n<meta name=\"twitter:site\" content=\"@Es_Virginias\" \/>\n<meta name=\"twitter:label1\" content=\"Temps estimat de lectura\" \/>\n\t<meta name=\"twitter:data1\" content=\"2 minuts\" \/>\n<script type=\"application\/ld+json\" class=\"yoast-schema-graph\">{\"@context\":\"https:\\\/\\\/schema.org\",\"@graph\":[{\"@type\":\"WebPage\",\"@id\":\"https:\\\/\\\/virginias.es\\\/ca\\\/qui-som\\\/\",\"url\":\"https:\\\/\\\/virginias.es\\\/ca\\\/qui-som\\\/\",\"name\":\"Virginias Cacao | Amantes del chocolate, cuida y trabaja el chocolate\",\"isPartOf\":{\"@id\":\"https:\\\/\\\/virginias.es\\\/ca\\\/#website\"},\"primaryImageOfPage\":{\"@id\":\"https:\\\/\\\/virginias.es\\\/ca\\\/qui-som\\\/#primaryimage\"},\"image\":{\"@id\":\"https:\\\/\\\/virginias.es\\\/ca\\\/qui-som\\\/#primaryimage\"},\"thumbnailUrl\":\"https:\\\/\\\/virginias.es\\\/wp-content\\\/uploads\\\/2022\\\/01\\\/tienda-taller-virginias-1024x684.jpg\",\"datePublished\":\"2023-06-14T09:43:29+00:00\",\"dateModified\":\"2025-11-24T11:49:56+00:00\",\"description\":\"Virginias Cacao, Amantes del chocolate, Virginias ha destacado siempre por c\u00f3mo cuida y trabaja el chocolate\",\"breadcrumb\":{\"@id\":\"https:\\\/\\\/virginias.es\\\/ca\\\/qui-som\\\/#breadcrumb\"},\"inLanguage\":\"ca\",\"potentialAction\":[{\"@type\":\"ReadAction\",\"target\":[\"https:\\\/\\\/virginias.es\\\/ca\\\/qui-som\\\/\"]}]},{\"@type\":\"ImageObject\",\"inLanguage\":\"ca\",\"@id\":\"https:\\\/\\\/virginias.es\\\/ca\\\/qui-som\\\/#primaryimage\",\"url\":\"https:\\\/\\\/virginias.es\\\/wp-content\\\/uploads\\\/2022\\\/01\\\/tienda-taller-virginias-1024x684.jpg\",\"contentUrl\":\"https:\\\/\\\/virginias.es\\\/wp-content\\\/uploads\\\/2022\\\/01\\\/tienda-taller-virginias-1024x684.jpg\"},{\"@type\":\"BreadcrumbList\",\"@id\":\"https:\\\/\\\/virginias.es\\\/ca\\\/qui-som\\\/#breadcrumb\",\"itemListElement\":[{\"@type\":\"ListItem\",\"position\":1,\"name\":\"Portada\",\"item\":\"https:\\\/\\\/virginias.es\\\/ca\\\/torrons-i-xocolates-virginias\\\/\"},{\"@type\":\"ListItem\",\"position\":2,\"name\":\"Qui som?\"}]},{\"@type\":\"WebSite\",\"@id\":\"https:\\\/\\\/virginias.es\\\/ca\\\/#website\",\"url\":\"https:\\\/\\\/virginias.es\\\/ca\\\/\",\"name\":\"Virginias\",\"description\":\"Turrones, galletas y chocolates desde 1932\",\"publisher\":{\"@id\":\"https:\\\/\\\/virginias.es\\\/ca\\\/#organization\"},\"potentialAction\":[{\"@type\":\"SearchAction\",\"target\":{\"@type\":\"EntryPoint\",\"urlTemplate\":\"https:\\\/\\\/virginias.es\\\/ca\\\/?s={search_term_string}\"},\"query-input\":{\"@type\":\"PropertyValueSpecification\",\"valueRequired\":true,\"valueName\":\"search_term_string\"}}],\"inLanguage\":\"ca\"},{\"@type\":\"Organization\",\"@id\":\"https:\\\/\\\/virginias.es\\\/ca\\\/#organization\",\"name\":\"Turrones Virginias\",\"url\":\"https:\\\/\\\/virginias.es\\\/ca\\\/\",\"logo\":{\"@type\":\"ImageObject\",\"inLanguage\":\"ca\",\"@id\":\"https:\\\/\\\/virginias.es\\\/ca\\\/#\\\/schema\\\/logo\\\/image\\\/\",\"url\":\"https:\\\/\\\/virginias.es\\\/wp-content\\\/uploads\\\/2019\\\/11\\\/logo-virginias-3_01.png\",\"contentUrl\":\"https:\\\/\\\/virginias.es\\\/wp-content\\\/uploads\\\/2019\\\/11\\\/logo-virginias-3_01.png\",\"width\":1350,\"height\":344,\"caption\":\"Turrones Virginias\"},\"image\":{\"@id\":\"https:\\\/\\\/virginias.es\\\/ca\\\/#\\\/schema\\\/logo\\\/image\\\/\"},\"sameAs\":[\"https:\\\/\\\/www.facebook.com\\\/Virginias.es\\\/\",\"https:\\\/\\\/x.com\\\/Es_Virginias\",\"https:\\\/\\\/www.instagram.com\\\/virginias.es\\\/\"]}]}<\/script>\n<!-- \/ Yoast SEO plugin. -->","yoast_head_json":{"title":"Virginias Cacao | Amantes del chocolate, cuida y trabaja el chocolate","description":"Virginias Cacao, Amantes del chocolate, Virginias ha destacado siempre por c\u00f3mo cuida y trabaja el chocolate","robots":{"index":"index","follow":"follow","max-snippet":"max-snippet:-1","max-image-preview":"max-image-preview:large","max-video-preview":"max-video-preview:-1"},"canonical":"https:\/\/virginias.es\/ca\/qui-som\/","og_locale":"ca_ES","og_type":"article","og_title":"Virginias Cacao | Amantes del chocolate, cuida y trabaja el chocolate","og_description":"Virginias Cacao, Amantes del chocolate, Virginias ha destacado siempre por c\u00f3mo cuida y trabaja el chocolate","og_url":"https:\/\/virginias.es\/ca\/qui-som\/","og_site_name":"Virginias","article_publisher":"https:\/\/www.facebook.com\/Virginias.es\/","article_modified_time":"2025-11-24T11:49:56+00:00","og_image":[{"width":1200,"height":801,"url":"https:\/\/virginias.es\/wp-content\/uploads\/2022\/01\/tienda-taller-virginias.jpg","type":"image\/jpeg"}],"twitter_card":"summary_large_image","twitter_site":"@Es_Virginias","twitter_misc":{"Temps estimat de lectura":"2 minuts"},"schema":{"@context":"https:\/\/schema.org","@graph":[{"@type":"WebPage","@id":"https:\/\/virginias.es\/ca\/qui-som\/","url":"https:\/\/virginias.es\/ca\/qui-som\/","name":"Virginias Cacao | Amantes del chocolate, cuida y trabaja el chocolate","isPartOf":{"@id":"https:\/\/virginias.es\/ca\/#website"},"primaryImageOfPage":{"@id":"https:\/\/virginias.es\/ca\/qui-som\/#primaryimage"},"image":{"@id":"https:\/\/virginias.es\/ca\/qui-som\/#primaryimage"},"thumbnailUrl":"https:\/\/virginias.es\/wp-content\/uploads\/2022\/01\/tienda-taller-virginias-1024x684.jpg","datePublished":"2023-06-14T09:43:29+00:00","dateModified":"2025-11-24T11:49:56+00:00","description":"Virginias Cacao, Amantes del chocolate, Virginias ha destacado siempre por c\u00f3mo cuida y trabaja el chocolate","breadcrumb":{"@id":"https:\/\/virginias.es\/ca\/qui-som\/#breadcrumb"},"inLanguage":"ca","potentialAction":[{"@type":"ReadAction","target":["https:\/\/virginias.es\/ca\/qui-som\/"]}]},{"@type":"ImageObject","inLanguage":"ca","@id":"https:\/\/virginias.es\/ca\/qui-som\/#primaryimage","url":"https:\/\/virginias.es\/wp-content\/uploads\/2022\/01\/tienda-taller-virginias-1024x684.jpg","contentUrl":"https:\/\/virginias.es\/wp-content\/uploads\/2022\/01\/tienda-taller-virginias-1024x684.jpg"},{"@type":"BreadcrumbList","@id":"https:\/\/virginias.es\/ca\/qui-som\/#breadcrumb","itemListElement":[{"@type":"ListItem","position":1,"name":"Portada","item":"https:\/\/virginias.es\/ca\/torrons-i-xocolates-virginias\/"},{"@type":"ListItem","position":2,"name":"Qui som?"}]},{"@type":"WebSite","@id":"https:\/\/virginias.es\/ca\/#website","url":"https:\/\/virginias.es\/ca\/","name":"Virginias","description":"Turrones, galletas y chocolates desde 1932","publisher":{"@id":"https:\/\/virginias.es\/ca\/#organization"},"potentialAction":[{"@type":"SearchAction","target":{"@type":"EntryPoint","urlTemplate":"https:\/\/virginias.es\/ca\/?s={search_term_string}"},"query-input":{"@type":"PropertyValueSpecification","valueRequired":true,"valueName":"search_term_string"}}],"inLanguage":"ca"},{"@type":"Organization","@id":"https:\/\/virginias.es\/ca\/#organization","name":"Turrones Virginias","url":"https:\/\/virginias.es\/ca\/","logo":{"@type":"ImageObject","inLanguage":"ca","@id":"https:\/\/virginias.es\/ca\/#\/schema\/logo\/image\/","url":"https:\/\/virginias.es\/wp-content\/uploads\/2019\/11\/logo-virginias-3_01.png","contentUrl":"https:\/\/virginias.es\/wp-content\/uploads\/2019\/11\/logo-virginias-3_01.png","width":1350,"height":344,"caption":"Turrones Virginias"},"image":{"@id":"https:\/\/virginias.es\/ca\/#\/schema\/logo\/image\/"},"sameAs":["https:\/\/www.facebook.com\/Virginias.es\/","https:\/\/x.com\/Es_Virginias","https:\/\/www.instagram.com\/virginias.es\/"]}]}},"_links":{"self":[{"href":"https:\/\/virginias.es\/ca\/wp-json\/wp\/v2\/pages\/29665","targetHints":{"allow":["GET"]}}],"collection":[{"href":"https:\/\/virginias.es\/ca\/wp-json\/wp\/v2\/pages"}],"about":[{"href":"https:\/\/virginias.es\/ca\/wp-json\/wp\/v2\/types\/page"}],"author":[{"embeddable":true,"href":"https:\/\/virginias.es\/ca\/wp-json\/wp\/v2\/users\/6"}],"replies":[{"embeddable":true,"href":"https:\/\/virginias.es\/ca\/wp-json\/wp\/v2\/comments?post=29665"}],"version-history":[{"count":4,"href":"https:\/\/virginias.es\/ca\/wp-json\/wp\/v2\/pages\/29665\/revisions"}],"predecessor-version":[{"id":34748,"href":"https:\/\/virginias.es\/ca\/wp-json\/wp\/v2\/pages\/29665\/revisions\/34748"}],"wp:attachment":[{"href":"https:\/\/virginias.es\/ca\/wp-json\/wp\/v2\/media?parent=29665"}],"curies":[{"name":"wp","href":"https:\/\/api.w.org\/{rel}","templated":true}]}}